{"id":1653,"date":"2023-10-26T17:11:29","date_gmt":"2023-10-26T15:11:29","guid":{"rendered":"http:\/\/ipsip.eu\/?page_id=1653"},"modified":"2024-11-07T17:04:49","modified_gmt":"2024-11-07T16:04:49","slug":"incubateur","status":"publish","type":"page","link":"http:\/\/ipsip.eu\/en\/incubateur\/","title":{"rendered":"Incubator"},"content":{"rendered":"<div data-elementor-type=\"wp-post\" data-elementor-id=\"1653\" class=\"elementor elementor-1653\">\n\t\t\t\t\t\t<section class=\"elementor-section elementor-top-section elementor-element elementor-element-8969ded elementor-section-height-min-height elementor-section-content-middle elementor-section-boxed elementor-section-height-default elementor-section-items-middle wpr-particle-no wpr-jarallax-no wpr-parallax-no wpr-sticky-section-no\" data-id=\"8969ded\" data-element_type=\"section\" data-settings=\"{&quot;background_background&quot;:&quot;gradient&quot;,&quot;shape_divider_bottom&quot;:&quot;opacity-tilt&quot;}\">\n\t\t\t\t\t<div class=\"elementor-shape elementor-shape-bottom\" aria-hidden=\"true\" data-negative=\"false\">\n\t\t\t<svg xmlns=\"http:\/\/www.w3.org\/2000\/svg\" viewbox=\"0 0 2600 131.1\" preserveaspectratio=\"none\">\n\t<path class=\"elementor-shape-fill\" d=\"M0 0L2600 0 2600 69.1 0 0z\"\/>\n\t<path class=\"elementor-shape-fill\" style=\"opacity:0.5\" d=\"M0 0L2600 0 2600 69.1 0 69.1z\"\/>\n\t<path class=\"elementor-shape-fill\" style=\"opacity:0.25\" d=\"M2600 0L0 0 0 130.1 2600 69.1z\"\/>\n<\/svg>\t\t<\/div>\n\t\t\t\t\t<div class=\"elementor-container elementor-column-gap-no\">\n\t\t\t\t\t<div class=\"elementor-column elementor-col-50 elementor-top-column elementor-element elementor-element-96f685d elementor-invisible\" data-id=\"96f685d\" data-element_type=\"column\" data-settings=\"{&quot;animation&quot;:&quot;fadeIn&quot;}\">\n\t\t\t<div class=\"elementor-widget-wrap elementor-element-populated\">\n\t\t\t\t\t\t<div class=\"elementor-element elementor-element-289eaa7 elementor-widget__width-initial elementor-invisible elementor-widget elementor-widget-text-editor\" data-id=\"289eaa7\" data-element_type=\"widget\" data-settings=\"{&quot;_animation&quot;:&quot;fadeIn&quot;}\" data-widget_type=\"text-editor.default\">\n\t\t\t\t<div class=\"elementor-widget-container\">\n\t\t\t\t\t\t\t\t\t<h1><strong>Achieve your business goals with our support<\/strong><\/h1>\t\t\t\t\t\t\t\t<\/div>\n\t\t\t\t<\/div>\n\t\t\t\t<div class=\"elementor-element elementor-element-7e6d1ca premium-testimonial__skin1 elementor-widget elementor-widget-premium-addon-testimonials\" data-id=\"7e6d1ca\" data-element_type=\"widget\" data-settings=\"{&quot;skin&quot;:&quot;skin1&quot;,&quot;img_position&quot;:&quot;relative&quot;,&quot;arrows_lq_effect&quot;:&quot;none&quot;}\" data-widget_type=\"premium-addon-testimonials.default\">\n\t\t\t\t<div class=\"elementor-widget-container\">\n\t\t\t\t\t\r\n\t\t\r\n\t\t<div class=\"premium-testimonial-box\">\r\n\r\n\t\t\t\r\n\t\t\t\t<div class=\"premium-testimonial-container\">\r\n\r\n\t\t\t\t\t\t\t\t\t\t\t<div class=\"premium-testimonial-upper-quote\">\r\n\t\t\t\t\t\t\t<svg id=\"Layer_1\" class=\"premium-testimonial-quote\" xmlns=\"http:\/\/www.w3.org\/2000\/svg\" width=\"48\" height=\"37\" viewbox=\"0 0 48 37\"><path d=\"m37,37c6.07,0,11-4.93,11-11s-4.93-11-11-11c-.32,0-.63.02-.94.05.54-4.81,2.18-9.43,4.79-13.52.19-.31.2-.7.03-1.01-.18-.32-.51-.52-.88-.52h-2c-.27,0-.54.11-.73.31-5.14,5.41-11.27,14.26-11.27,25.69,0,6.07,4.93,10.99,11,11h0Zm-26,0c6.07,0,11-4.93,11-11s-4.93-11-11-11c-.32,0-.63.02-.94.05.54-4.81,2.18-9.43,4.79-13.52.19-.31.2-.7.03-1.01-.18-.32-.51-.52-.87-.52h-2c-.27,0-.54.11-.73.31C6.13,5.72,0,14.57,0,26c0,6.07,4.93,10.99,11,11h0Zm0,0\"\/><\/svg>\t\t\t\t\t\t<\/div>\r\n\t\t\t\t\t\r\n\t\t\t\t\t<div class=\"premium-testimonial-content-wrapper\">\r\n\r\n\t\t\t\t\t\t\r\n\t\t\t\t\t\t<div class=\"premium-testimonial-text-wrapper\">\r\n\t\t\t\t\t\t\t<div >\r\n\t\t\t\t\t\t\t\t<p>We started with two people but now, we are a team of 80 members. We think that proactive support for a startup accelerates its business growth. This is why we created the start-up incubator program.<\/p>\t\t\t\t\t\t\t<\/div>\r\n\t\t\t\t\t\t<\/div>\r\n\r\n\t\t\t\t\t\t\r\n\t\t\t\t\t\t\r\n\r\n\t\t\t\t\t\t\t\r\n\r\n\t\t\t\t\t\t\t<div class=\"premium-testimonial-author-info\">\r\n\t\t\t\t\t\t\t\t<h3 class=\"premium-testimonial-person-name\">\r\n\t\t\t\t\t\t\t\t\t<span >\r\n\t\t\t\t\t\t\t\t\t\tSt\u00e9phane Augis - Director and Co-founder\t\t\t\t\t\t\t\t\t<\/span>\r\n\t\t\t\t\t\t\t\t<\/h3>\r\n\r\n\t\t\t\t\t\t\t\t\t\t\t\t\t\t\t<\/div>\r\n\r\n\t\t\t\t\t\t\r\n\t\t\t\t\t<\/div>\r\n\r\n\t\t\t\t\t\t\t\t\t\t\t<div class=\"premium-testimonial-lower-quote\">\r\n\t\t\t\t\t\t\t<svg id=\"Layer_1\" class=\"premium-testimonial-quote\" xmlns=\"http:\/\/www.w3.org\/2000\/svg\" width=\"48\" height=\"37\" viewbox=\"0 0 48 37\"><path d=\"m37,37c6.07,0,11-4.93,11-11s-4.93-11-11-11c-.32,0-.63.02-.94.05.54-4.81,2.18-9.43,4.79-13.52.19-.31.2-.7.03-1.01-.18-.32-.51-.52-.88-.52h-2c-.27,0-.54.11-.73.31-5.14,5.41-11.27,14.26-11.27,25.69,0,6.07,4.93,10.99,11,11h0Zm-26,0c6.07,0,11-4.93,11-11s-4.93-11-11-11c-.32,0-.63.02-.94.05.54-4.81,2.18-9.43,4.79-13.52.19-.31.2-.7.03-1.01-.18-.32-.51-.52-.87-.52h-2c-.27,0-.54.11-.73.31C6.13,5.72,0,14.57,0,26c0,6.07,4.93,10.99,11,11h0Zm0,0\"\/><\/svg>\t\t\t\t\t\t<\/div>\r\n\t\t\t\t\t\t\t\t\t<\/div>\r\n\r\n\t\t\t\r\n\r\n\t\t<\/div>\r\n\t\t\t\t\t\t<\/div>\n\t\t\t\t<\/div>\n\t\t\t\t\t<\/div>\n\t\t<\/div>\n\t\t\t\t<div class=\"elementor-column elementor-col-50 elementor-top-column elementor-element elementor-element-52bfab6 elementor-invisible\" data-id=\"52bfab6\" data-element_type=\"column\" data-settings=\"{&quot;animation&quot;:&quot;fadeIn&quot;}\">\n\t\t\t<div class=\"elementor-widget-wrap elementor-element-populated\">\n\t\t\t\t\t\t<div class=\"elementor-element elementor-element-3d6e7af elementor-widget__width-initial premium-lottie-svg elementor-widget elementor-widget-premium-lottie\" data-id=\"3d6e7af\" data-element_type=\"widget\" data-settings=\"{&quot;lottie_file&quot;:{&quot;url&quot;:&quot;https:\\\/\\\/ipsip.eu\\\/wp-content\\\/uploads\\\/2023\\\/10\\\/pZJ856YBXU-1.json&quot;,&quot;id&quot;:2053,&quot;size&quot;:&quot;&quot;,&quot;alt&quot;:&quot;&quot;,&quot;source&quot;:&quot;library&quot;}}\" data-widget_type=\"premium-lottie.default\">\n\t\t\t\t<div class=\"elementor-widget-container\">\n\t\t\t\t\t\r\n\t\t<div class=\"premium-lottie-animation\" data-lottie-url=\"https:\/\/ipsip.eu\/wp-content\/uploads\/2023\/10\/pZJ856YBXU-1.json\" data-lottie-loop=\"true\" data-lottie-reverse=\"\" data-lottie-hover=\"\" data-lottie-speed=\"1\" data-lottie-render=\"svg\" data-lottie-delay=\"\">\r\n\t\t\t\t\t<\/div>\r\n\r\n\t\t\t\t\t\t<\/div>\n\t\t\t\t<\/div>\n\t\t\t\t\t<\/div>\n\t\t<\/div>\n\t\t\t\t\t<\/div>\n\t\t<\/section>\n\t\t\t\t<section class=\"elementor-section elementor-top-section elementor-element elementor-element-42b8dc5 elementor-section-boxed elementor-section-height-default elementor-section-height-default wpr-particle-no wpr-jarallax-no wpr-parallax-no wpr-sticky-section-no\" data-id=\"42b8dc5\" data-element_type=\"section\">\n\t\t\t\t\t\t<div class=\"elementor-container elementor-column-gap-default\">\n\t\t\t\t\t<div class=\"elementor-column elementor-col-100 elementor-top-column elementor-element elementor-element-0b3568c\" data-id=\"0b3568c\" data-element_type=\"column\">\n\t\t\t<div class=\"elementor-widget-wrap elementor-element-populated\">\n\t\t\t\t\t\t<div class=\"elementor-element elementor-element-9bc2246 elementor-widget__width-initial elementor-widget elementor-widget-heading\" data-id=\"9bc2246\" data-element_type=\"widget\" data-widget_type=\"heading.default\">\n\t\t\t\t<div class=\"elementor-widget-container\">\n\t\t\t\t\t<h2 class=\"elementor-heading-title elementor-size-default\">Why should you contact IPSIP ?<\/h2>\t\t\t\t<\/div>\n\t\t\t\t<\/div>\n\t\t\t\t<div class=\"elementor-element elementor-element-b2eb769 elementor-widget__width-initial elementor-widget elementor-widget-text-editor\" data-id=\"b2eb769\" data-element_type=\"widget\" data-widget_type=\"text-editor.default\">\n\t\t\t\t<div class=\"elementor-widget-container\">\n\t\t\t\t\t\t\t\t\t<p><span style=\"color: var( --e-global-color-text ); font-size: 1rem;\">We propose a cooperation among tech players to move forward and grow together. We would like to partner with you to build on your success, we believe that you are the future of innovation.\u00a0\u00a0<\/span><\/p>\t\t\t\t\t\t\t\t<\/div>\n\t\t\t\t<\/div>\n\t\t\t\t\t<\/div>\n\t\t<\/div>\n\t\t\t\t\t<\/div>\n\t\t<\/section>\n\t\t\t\t<section class=\"elementor-section elementor-top-section elementor-element elementor-element-856171c elementor-section-boxed elementor-section-height-default elementor-section-height-default wpr-particle-no wpr-jarallax-no wpr-parallax-no wpr-sticky-section-no\" data-id=\"856171c\" data-element_type=\"section\">\n\t\t\t\t\t\t<div class=\"elementor-container elementor-column-gap-default\">\n\t\t\t\t\t<div class=\"elementor-column elementor-col-100 elementor-top-column elementor-element elementor-element-17c59cb2\" data-id=\"17c59cb2\" data-element_type=\"column\" data-settings=\"{&quot;background_background&quot;:&quot;gradient&quot;}\">\n\t\t\t<div class=\"elementor-widget-wrap elementor-element-populated\">\n\t\t\t\t\t<div class=\"elementor-background-overlay\"><\/div>\n\t\t\t\t\t\t<div class=\"elementor-element elementor-element-199eb44a elementor-widget elementor-widget-eael-typeform\" data-id=\"199eb44a\" data-element_type=\"widget\" id=\"contact\" data-widget_type=\"eael-typeform.default\">\n\t\t\t\t<div class=\"elementor-widget-container\">\n\t\t\t\t\t<div data-typeform=\"{&quot;url&quot;:&quot;https:\\\/\\\/research.typeform.com\\\/to\\\/jHzeZRiX&quot;,&quot;hideFooter&quot;:true,&quot;hideHeaders&quot;:true,&quot;opacity&quot;:0}\" id=\"eael-type-form-199eb44a\" class=\"eael-typeform clearfix fs_wp_sidebar fsBody eael-contact-form eael-typeform-align-default\"><\/div>\t\t\t\t<\/div>\n\t\t\t\t<\/div>\n\t\t\t\t\t<\/div>\n\t\t<\/div>\n\t\t\t\t\t<\/div>\n\t\t<\/section>\n\t\t\t\t<section class=\"elementor-section elementor-top-section elementor-element elementor-element-bdfed4f elementor-section-boxed elementor-section-height-default elementor-section-height-default wpr-particle-no wpr-jarallax-no wpr-parallax-no wpr-sticky-section-no\" data-id=\"bdfed4f\" data-element_type=\"section\">\n\t\t\t\t\t\t<div class=\"elementor-container elementor-column-gap-default\">\n\t\t\t\t\t<div class=\"elementor-column elementor-col-100 elementor-top-column elementor-element elementor-element-db46f97\" data-id=\"db46f97\" data-element_type=\"column\">\n\t\t\t<div class=\"elementor-widget-wrap elementor-element-populated\">\n\t\t\t\t\t\t<div class=\"elementor-element elementor-element-4f91932 elementor-widget elementor-widget-spacer\" data-id=\"4f91932\" data-element_type=\"widget\" data-widget_type=\"spacer.default\">\n\t\t\t\t<div class=\"elementor-widget-container\">\n\t\t\t\t\t\t\t<div class=\"elementor-spacer\">\n\t\t\t<div class=\"elementor-spacer-inner\"><\/div>\n\t\t<\/div>\n\t\t\t\t\t\t<\/div>\n\t\t\t\t<\/div>\n\t\t\t\t\t<\/div>\n\t\t<\/div>\n\t\t\t\t\t<\/div>\n\t\t<\/section>\n\t\t\t\t<\/div>","protected":false},"excerpt":{"rendered":"<p>R\u00e9alisez vos objectifs business avec notre soutien Lorsque nous avons commenc\u00e9 nous \u00e9tions deux, nous sommes aujourd\u2019hui plus de 80. Nous pensons qu\u2019un accompagnement adapt\u00e9 \u00e0 une entreprise en phase de d\u00e9marrage est un acc\u00e9l\u00e9rateur de sa croissance. Voil\u00e0 pourquoi nous avons mis en place une offre d\u2019incubateur de start-up. St\u00e9phane Augis &#8211; Directeur et co-fondateur Pourquoi faire appel \u00e0 IPSIP ? Nous proposons une collaboration entre acteurs du domaine de la tech&rsquo; afin de progresser et grandir ensemble. Nous voulons vous aider dans la r\u00e9ussite de votre projet, convaincus que vous \u00eates l&rsquo;avenir de l&rsquo;innovation.\u00a0\u00a0<\/p>","protected":false},"author":1,"featured_media":6924,"parent":0,"menu_order":0,"comment_status":"closed","ping_status":"closed","template":"","meta":{"footnotes":""},"class_list":["post-1653","page","type-page","status-publish","has-post-thumbnail","hentry"],"yoast_head":"<!-- This site is optimized with the Yoast SEO plugin v27.3 - https:\/\/yoast.com\/product\/yoast-seo-wordpress\/ -->\n<title>Incubateur - IPSIP Group<\/title>\n<meta name=\"description\" content=\"Nous proposons une offre d&#039;incubateur de start-up entre acteurs du domaine de la tech\u2019 afin de progresser et grandir ensemble.\" \/>\n<meta name=\"robots\" content=\"index, follow, max-snippet:-1, max-image-preview:large, max-video-preview:-1\" \/>\n<link rel=\"canonical\" href=\"https:\/\/ipsip.eu\/en\/incubateur\/\" \/>\n<meta property=\"og:locale\" content=\"en_GB\" \/>\n<meta property=\"og:type\" content=\"article\" \/>\n<meta property=\"og:title\" content=\"Incubateur - IPSIP Group\" \/>\n<meta property=\"og:description\" content=\"Nous proposons une offre d&#039;incubateur de start-up entre acteurs du domaine de la tech\u2019 afin de progresser et grandir ensemble.\" \/>\n<meta property=\"og:url\" content=\"https:\/\/ipsip.eu\/en\/incubateur\/\" \/>\n<meta property=\"og:site_name\" content=\"Ipsip Group - Expert en Cybers\u00e9curit\u00e9, SOC 24\/7, solutions IT\" \/>\n<meta property=\"article:modified_time\" content=\"2024-11-07T16:04:49+00:00\" \/>\n<meta property=\"og:image\" content=\"https:\/\/ipsip.eu\/wp-content\/uploads\/2024\/03\/shield-check-2-150x150-1.webp\" \/>\n\t<meta property=\"og:image:width\" content=\"150\" \/>\n\t<meta property=\"og:image:height\" content=\"150\" \/>\n\t<meta property=\"og:image:type\" content=\"image\/webp\" \/>\n<meta name=\"twitter:card\" content=\"summary_large_image\" \/>\n<meta name=\"twitter:label1\" content=\"Estimated reading time\" \/>\n\t<meta name=\"twitter:data1\" content=\"1 minute\" \/>\n<script type=\"application\/ld+json\" class=\"yoast-schema-graph\">{\"@context\":\"https:\\\/\\\/schema.org\",\"@graph\":[{\"@type\":\"WebPage\",\"@id\":\"https:\\\/\\\/ipsip.eu\\\/incubateur\\\/\",\"url\":\"https:\\\/\\\/ipsip.eu\\\/incubateur\\\/\",\"name\":\"Incubateur - IPSIP Group\",\"isPartOf\":{\"@id\":\"https:\\\/\\\/ipsip.eu\\\/#website\"},\"primaryImageOfPage\":{\"@id\":\"https:\\\/\\\/ipsip.eu\\\/incubateur\\\/#primaryimage\"},\"image\":{\"@id\":\"https:\\\/\\\/ipsip.eu\\\/incubateur\\\/#primaryimage\"},\"thumbnailUrl\":\"https:\\\/\\\/ipsip.eu\\\/wp-content\\\/uploads\\\/2024\\\/03\\\/shield-check-2-150x150-1.webp\",\"datePublished\":\"2023-10-26T15:11:29+00:00\",\"dateModified\":\"2024-11-07T16:04:49+00:00\",\"description\":\"Nous proposons une offre d'incubateur de start-up entre acteurs du domaine de la tech\u2019 afin de progresser et grandir ensemble.\",\"inLanguage\":\"en-GB\",\"potentialAction\":[{\"@type\":\"ReadAction\",\"target\":[\"https:\\\/\\\/ipsip.eu\\\/incubateur\\\/\"]}]},{\"@type\":\"ImageObject\",\"inLanguage\":\"en-GB\",\"@id\":\"https:\\\/\\\/ipsip.eu\\\/incubateur\\\/#primaryimage\",\"url\":\"https:\\\/\\\/ipsip.eu\\\/wp-content\\\/uploads\\\/2024\\\/03\\\/shield-check-2-150x150-1.webp\",\"contentUrl\":\"https:\\\/\\\/ipsip.eu\\\/wp-content\\\/uploads\\\/2024\\\/03\\\/shield-check-2-150x150-1.webp\",\"width\":150,\"height\":150},{\"@type\":\"WebSite\",\"@id\":\"https:\\\/\\\/ipsip.eu\\\/#website\",\"url\":\"https:\\\/\\\/ipsip.eu\\\/\",\"name\":\"Ipsip Group - Expert en Cybers\u00e9curit\u00e9, SOC 24\\\/7, solutions IT\",\"description\":\"Make IT Easy\",\"potentialAction\":[{\"@type\":\"SearchAction\",\"target\":{\"@type\":\"EntryPoint\",\"urlTemplate\":\"https:\\\/\\\/ipsip.eu\\\/?s={search_term_string}\"},\"query-input\":{\"@type\":\"PropertyValueSpecification\",\"valueRequired\":true,\"valueName\":\"search_term_string\"}}],\"inLanguage\":\"en-GB\"}]}<\/script>\n<!-- \/ Yoast SEO plugin. -->","yoast_head_json":{"title":"Incubateur - IPSIP Group","description":"Nous proposons une offre d'incubateur de start-up entre acteurs du domaine de la tech\u2019 afin de progresser et grandir ensemble.","robots":{"index":"index","follow":"follow","max-snippet":"max-snippet:-1","max-image-preview":"max-image-preview:large","max-video-preview":"max-video-preview:-1"},"canonical":"https:\/\/ipsip.eu\/en\/incubateur\/","og_locale":"en_GB","og_type":"article","og_title":"Incubateur - IPSIP Group","og_description":"Nous proposons une offre d'incubateur de start-up entre acteurs du domaine de la tech\u2019 afin de progresser et grandir ensemble.","og_url":"https:\/\/ipsip.eu\/en\/incubateur\/","og_site_name":"Ipsip Group - Expert en Cybers\u00e9curit\u00e9, SOC 24\/7, solutions IT","article_modified_time":"2024-11-07T16:04:49+00:00","og_image":[{"width":150,"height":150,"url":"https:\/\/ipsip.eu\/wp-content\/uploads\/2024\/03\/shield-check-2-150x150-1.webp","type":"image\/webp"}],"twitter_card":"summary_large_image","twitter_misc":{"Estimated reading time":"1 minute"},"schema":{"@context":"https:\/\/schema.org","@graph":[{"@type":"WebPage","@id":"https:\/\/ipsip.eu\/incubateur\/","url":"https:\/\/ipsip.eu\/incubateur\/","name":"Incubateur - IPSIP Group","isPartOf":{"@id":"https:\/\/ipsip.eu\/#website"},"primaryImageOfPage":{"@id":"https:\/\/ipsip.eu\/incubateur\/#primaryimage"},"image":{"@id":"https:\/\/ipsip.eu\/incubateur\/#primaryimage"},"thumbnailUrl":"https:\/\/ipsip.eu\/wp-content\/uploads\/2024\/03\/shield-check-2-150x150-1.webp","datePublished":"2023-10-26T15:11:29+00:00","dateModified":"2024-11-07T16:04:49+00:00","description":"Nous proposons une offre d'incubateur de start-up entre acteurs du domaine de la tech\u2019 afin de progresser et grandir ensemble.","inLanguage":"en-GB","potentialAction":[{"@type":"ReadAction","target":["https:\/\/ipsip.eu\/incubateur\/"]}]},{"@type":"ImageObject","inLanguage":"en-GB","@id":"https:\/\/ipsip.eu\/incubateur\/#primaryimage","url":"https:\/\/ipsip.eu\/wp-content\/uploads\/2024\/03\/shield-check-2-150x150-1.webp","contentUrl":"https:\/\/ipsip.eu\/wp-content\/uploads\/2024\/03\/shield-check-2-150x150-1.webp","width":150,"height":150},{"@type":"WebSite","@id":"https:\/\/ipsip.eu\/#website","url":"https:\/\/ipsip.eu\/","name":"Ipsip Group - Expert en Cybers\u00e9curit\u00e9, SOC 24\/7, solutions IT","description":"Make IT Easy","potentialAction":[{"@type":"SearchAction","target":{"@type":"EntryPoint","urlTemplate":"https:\/\/ipsip.eu\/?s={search_term_string}"},"query-input":{"@type":"PropertyValueSpecification","valueRequired":true,"valueName":"search_term_string"}}],"inLanguage":"en-GB"}]}},"_links":{"self":[{"href":"http:\/\/ipsip.eu\/en\/wp-json\/wp\/v2\/pages\/1653","targetHints":{"allow":["GET"]}}],"collection":[{"href":"http:\/\/ipsip.eu\/en\/wp-json\/wp\/v2\/pages"}],"about":[{"href":"http:\/\/ipsip.eu\/en\/wp-json\/wp\/v2\/types\/page"}],"author":[{"embeddable":true,"href":"http:\/\/ipsip.eu\/en\/wp-json\/wp\/v2\/users\/1"}],"replies":[{"embeddable":true,"href":"http:\/\/ipsip.eu\/en\/wp-json\/wp\/v2\/comments?post=1653"}],"version-history":[{"count":42,"href":"http:\/\/ipsip.eu\/en\/wp-json\/wp\/v2\/pages\/1653\/revisions"}],"predecessor-version":[{"id":8037,"href":"http:\/\/ipsip.eu\/en\/wp-json\/wp\/v2\/pages\/1653\/revisions\/8037"}],"wp:featuredmedia":[{"embeddable":true,"href":"http:\/\/ipsip.eu\/en\/wp-json\/wp\/v2\/media\/6924"}],"wp:attachment":[{"href":"http:\/\/ipsip.eu\/en\/wp-json\/wp\/v2\/media?parent=1653"}],"curies":[{"name":"wp","href":"https:\/\/api.w.org\/{rel}","templated":true}]}}