{"id":2553,"date":"2023-11-03T15:59:40","date_gmt":"2023-11-03T14:59:40","guid":{"rendered":"http:\/\/ipsip.eu\/?page_id=2553"},"modified":"2024-06-04T09:45:53","modified_gmt":"2024-06-04T07:45:53","slug":"etudes-de-cas","status":"publish","type":"page","link":"https:\/\/ipsip.eu\/en\/etudes-de-cas\/","title":{"rendered":"Uses Cases"},"content":{"rendered":"\t\t<div data-elementor-type=\"wp-post\" data-elementor-id=\"2553\" class=\"elementor elementor-2553\">\n\t\t\t\t\t\t<section class=\"elementor-section elementor-top-section elementor-element elementor-element-4ac5f152 elementor-section-height-min-height elementor-section-content-middle elementor-section-boxed elementor-section-height-default elementor-section-items-middle wpr-particle-no wpr-jarallax-no wpr-parallax-no wpr-sticky-section-no\" data-id=\"4ac5f152\" data-element_type=\"section\" data-settings=\"{&quot;background_background&quot;:&quot;gradient&quot;,&quot;shape_divider_bottom&quot;:&quot;opacity-tilt&quot;}\">\n\t\t\t\t\t<div class=\"elementor-shape elementor-shape-bottom\" aria-hidden=\"true\" data-negative=\"false\">\n\t\t\t<svg xmlns=\"http:\/\/www.w3.org\/2000\/svg\" viewBox=\"0 0 2600 131.1\" preserveAspectRatio=\"none\">\n\t<path class=\"elementor-shape-fill\" d=\"M0 0L2600 0 2600 69.1 0 0z\"\/>\n\t<path class=\"elementor-shape-fill\" style=\"opacity:0.5\" d=\"M0 0L2600 0 2600 69.1 0 69.1z\"\/>\n\t<path class=\"elementor-shape-fill\" style=\"opacity:0.25\" d=\"M2600 0L0 0 0 130.1 2600 69.1z\"\/>\n<\/svg>\t\t<\/div>\n\t\t\t\t\t<div class=\"elementor-container elementor-column-gap-no\">\n\t\t\t\t\t<div class=\"elementor-column elementor-col-50 elementor-top-column elementor-element elementor-element-2d25ac38 elementor-invisible\" data-id=\"2d25ac38\" data-element_type=\"column\" data-settings=\"{&quot;animation&quot;:&quot;fadeIn&quot;}\">\n\t\t\t<div class=\"elementor-widget-wrap elementor-element-populated\">\n\t\t\t\t\t\t<div class=\"elementor-element elementor-element-58744d4 elementor-widget elementor-widget-heading\" data-id=\"58744d4\" data-element_type=\"widget\" data-widget_type=\"heading.default\">\n\t\t\t\t<div class=\"elementor-widget-container\">\n\t\t\t\t\t<h4 class=\"elementor-heading-title elementor-size-default\">\u00e9tudes de cas<\/h4>\t\t\t\t<\/div>\n\t\t\t\t<\/div>\n\t\t\t\t<div class=\"elementor-element elementor-element-9a54f09 elementor-widget elementor-widget-heading\" data-id=\"9a54f09\" data-element_type=\"widget\" data-widget_type=\"heading.default\">\n\t\t\t\t<div class=\"elementor-widget-container\">\n\t\t\t\t\t<h1 class=\"elementor-heading-title elementor-size-default\">D\u00e9couvrez comment nos clients ont r\u00e9ussi \u00e0 am\u00e9liorer leur activit\u00e9 gr\u00e2ce \u00e0 nos solutions IT.\n\n<\/h1>\t\t\t\t<\/div>\n\t\t\t\t<\/div>\n\t\t\t\t<div class=\"elementor-element elementor-element-017ad31 elementor-widget elementor-widget-text-editor\" data-id=\"017ad31\" data-element_type=\"widget\" data-widget_type=\"text-editor.default\">\n\t\t\t\t<div class=\"elementor-widget-container\">\n\t\t\t\t\t\t\t\t\t<p>Nos solutions IT sont con\u00e7ues pour r\u00e9pondre aux besoins sp\u00e9cifiques de nos clients. Elles leur permettent d&rsquo;am\u00e9liorer leur productivit\u00e9, de r\u00e9duire leurs co\u00fbts et d&rsquo;accro\u00eetre leur satisfaction client.<\/p>\t\t\t\t\t\t\t\t<\/div>\n\t\t\t\t<\/div>\n\t\t\t\t\t<\/div>\n\t\t<\/div>\n\t\t\t\t<div class=\"elementor-column elementor-col-50 elementor-top-column elementor-element elementor-element-315ddf87 elementor-invisible\" data-id=\"315ddf87\" data-element_type=\"column\" data-settings=\"{&quot;animation&quot;:&quot;fadeIn&quot;}\">\n\t\t\t<div class=\"elementor-widget-wrap elementor-element-populated\">\n\t\t\t\t\t\t<div class=\"elementor-element elementor-element-3d6e7af elementor-widget-tablet__width-initial premium-lottie-svg elementor-widget elementor-widget-premium-lottie\" data-id=\"3d6e7af\" data-element_type=\"widget\" data-settings=\"{&quot;lottie_file&quot;:{&quot;url&quot;:&quot;https:\\\/\\\/ipsip.eu\\\/wp-content\\\/uploads\\\/2023\\\/11\\\/p5Po9XpSGv.json&quot;,&quot;id&quot;:2565,&quot;size&quot;:&quot;&quot;,&quot;alt&quot;:&quot;&quot;,&quot;source&quot;:&quot;library&quot;}}\" data-widget_type=\"premium-lottie.default\">\n\t\t\t\t<div class=\"elementor-widget-container\">\n\t\t\t\t\t\r\n\t\t<div class=\"premium-lottie-animation\" data-lottie-url=\"https:\/\/ipsip.eu\/wp-content\/uploads\/2023\/11\/p5Po9XpSGv.json\" data-lottie-loop=\"true\" data-lottie-reverse=\"\" data-lottie-hover=\"\" data-lottie-speed=\"1\" data-lottie-render=\"svg\" data-lottie-delay=\"\">\r\n\t\t\t\t\t<\/div>\r\n\r\n\t\t\t\t\t\t<\/div>\n\t\t\t\t<\/div>\n\t\t\t\t\t<\/div>\n\t\t<\/div>\n\t\t\t\t\t<\/div>\n\t\t<\/section>\n\t\t\t\t<section class=\"elementor-section elementor-top-section elementor-element elementor-element-8636c71 elementor-section-boxed elementor-section-height-default elementor-section-height-default wpr-particle-no wpr-jarallax-no wpr-parallax-no wpr-sticky-section-no\" data-id=\"8636c71\" data-element_type=\"section\">\n\t\t\t\t\t\t<div class=\"elementor-container elementor-column-gap-default\">\n\t\t\t\t\t<div class=\"elementor-column elementor-col-100 elementor-top-column elementor-element elementor-element-2068631\" data-id=\"2068631\" data-element_type=\"column\">\n\t\t\t<div class=\"elementor-widget-wrap elementor-element-populated\">\n\t\t\t\t\t\t<div class=\"elementor-element elementor-element-9780b26 wpr-grid-columns-3 wpr-grid-columns--tablet2 wpr-grid-columns--mobile1 wpr-grid-pagination-center wpr-item-styles-inner elementor-widget elementor-widget-wpr-grid\" data-id=\"9780b26\" data-element_type=\"widget\" data-widget_type=\"wpr-grid.default\">\n\t\t\t\t<div class=\"elementor-widget-container\">\n\t\t\t\t\t<ul class=\"wpr-grid-filters elementor-clearfix wpr-grid-filters-sep-right\"><li class=\" wpr-pointer-none wpr-pointer-line-fx wpr-pointer-fx-none\"><span  data-filter=\"*\" class=\"wpr-grid-filters-item wpr-active-filter \">Tous les articles<\/span><em class=\"wpr-grid-filters-sep\"><\/em><\/li><li class=\" wpr-pointer-none wpr-pointer-line-fx wpr-pointer-fx-none\"><span   data-ajax-filter=[\"category\",\"politique-rse-ekinops\"]  data-filter=\".category-politique-rse-ekinops\">Politique RSE EKINOPS<\/span><em class=\"wpr-grid-filters-sep\"><\/em><\/li><li class=\" wpr-pointer-none wpr-pointer-line-fx wpr-pointer-fx-none\"><span   data-ajax-filter=[\"category\",\"plateforme-mailing-en-croissance\"]  data-filter=\".category-plateforme-mailing-en-croissance\">Plateforme Mailing en Croissance<\/span><em class=\"wpr-grid-filters-sep\"><\/em><\/li><li class=\" wpr-pointer-none wpr-pointer-line-fx wpr-pointer-fx-none\"><span   data-ajax-filter=[\"category\",\"plateforme-invoicing\"]  data-filter=\".category-plateforme-invoicing\">Plateforme Invoicing<\/span><em class=\"wpr-grid-filters-sep\"><\/em><\/li><li class=\" wpr-pointer-none wpr-pointer-line-fx wpr-pointer-fx-none\"><span   data-ajax-filter=[\"category\",\"cybersecurity\"]  data-filter=\".category-cybersecurity\">Cybersecurity<\/span><em class=\"wpr-grid-filters-sep\"><\/em><\/li><\/ul><section class=\"wpr-grid elementor-clearfix\" data-settings=\"{&quot;layout&quot;:&quot;fitRows&quot;,&quot;stick_last_element_to_bottom&quot;:&quot;&quot;,&quot;columns_desktop&quot;:&quot;3&quot;,&quot;gutter_hr&quot;:15,&quot;gutter_hr_mobile&quot;:15,&quot;gutter_hr_mobile_extra&quot;:15,&quot;gutter_hr_tablet&quot;:15,&quot;gutter_hr_tablet_extra&quot;:15,&quot;gutter_hr_laptop&quot;:15,&quot;gutter_hr_widescreen&quot;:15,&quot;gutter_vr&quot;:15,&quot;gutter_vr_mobile&quot;:&quot;&quot;,&quot;gutter_vr_mobile_extra&quot;:&quot;&quot;,&quot;gutter_vr_tablet&quot;:&quot;&quot;,&quot;gutter_vr_tablet_extra&quot;:15,&quot;gutter_vr_laptop&quot;:15,&quot;gutter_vr_widescreen&quot;:15,&quot;animation&quot;:&quot;default&quot;,&quot;animation_duration&quot;:0.3,&quot;animation_delay&quot;:0.1,&quot;deeplinking&quot;:&quot;&quot;,&quot;filters_linkable&quot;:&quot;no&quot;,&quot;filters_default_filter&quot;:&quot;&quot;,&quot;filters_count&quot;:&quot;&quot;,&quot;filters_hide_empty&quot;:&quot;no&quot;,&quot;filters_animation&quot;:&quot;default&quot;,&quot;filters_animation_duration&quot;:0.3,&quot;filters_animation_delay&quot;:0.1,&quot;pagination_type&quot;:&quot;load-more&quot;,&quot;pagination_max_pages&quot;:1,&quot;lightbox&quot;:{&quot;selector&quot;:&quot;.wpr-grid-image-wrap&quot;,&quot;iframeMaxWidth&quot;:&quot;60%&quot;,&quot;hash&quot;:false,&quot;autoplay&quot;:&quot;true&quot;,&quot;pause&quot;:5000,&quot;progressBar&quot;:&quot;true&quot;,&quot;counter&quot;:&quot;true&quot;,&quot;controls&quot;:&quot;true&quot;,&quot;getCaptionFromTitleOrAlt&quot;:&quot;true&quot;,&quot;thumbnail&quot;:&quot;&quot;,&quot;showThumbByDefault&quot;:&quot;&quot;,&quot;share&quot;:&quot;&quot;,&quot;zoom&quot;:&quot;true&quot;,&quot;fullScreen&quot;:&quot;true&quot;,&quot;download&quot;:&quot;true&quot;}}\"><article class=\"wpr-grid-item elementor-clearfix post-7650 post type-post status-publish format-standard has-post-thumbnail hentry category-cybersecurity tag-etudes-de-cas\"><div class=\"wpr-grid-item-inner\"><div class=\"wpr-grid-media-wrap wpr-effect-size-medium \" data-overlay-link=\"yes\"><div class=\"wpr-grid-image-wrap\" data-src=\"https:\/\/ipsip.eu\/wp-content\/uploads\/elementor\/thumbs\/SOC-1-qp48sum4knjwewhth965x2bh63gvm9149iwfgi8bzs.webp\" data-img-on-hover=\"\"  data-src-secondary=\"\"><img decoding=\"async\" data-no-lazy=\"1\" src=\"https:\/\/ipsip.eu\/wp-content\/uploads\/elementor\/thumbs\/SOC-1-qp48sum4knjwewhth965x2bh63gvm9149iwfgi8bzs.webp\" alt=\"Externalisation d&rsquo;un SOC\" class=\"wpr-anim-timing-ease-default\"><\/div><div class=\"wpr-grid-media-hover wpr-animation-wrap\"><div class=\"wpr-grid-media-hover-bg  wpr-overlay-fade-in wpr-anim-size-large wpr-anim-timing-ease-default wpr-anim-transparency\" data-url=\"https:\/\/ipsip.eu\/en\/externalisation-soc\/\"><\/div><\/div><\/div><div class=\"wpr-grid-item-below-content elementor-clearfix\"><h2 class=\"wpr-grid-item-title elementor-repeater-item-84f1dac wpr-grid-item-display-block wpr-grid-item-align-left wpr-pointer-none wpr-pointer-line-fx wpr-pointer-fx-fade\"><div class=\"inner-block\"><a target=\"_self\"  href=\"https:\/\/ipsip.eu\/en\/externalisation-soc\/\">Externalisation d&rsquo;un SOC<\/a><\/div><\/h2><div class=\"wpr-grid-item-date elementor-repeater-item-8a35598 wpr-grid-item-display-inline wpr-grid-item-align-left\"><div class=\"inner-block\"><span>3 June 2024<span class=\"wpr-grid-extra-text-right\">\/<\/span><\/span><\/div><\/div><div class=\"wpr-grid-item-excerpt elementor-repeater-item-0f1e5dc wpr-grid-item-display-block wpr-grid-item-align-left\"><div class=\"inner-block\"><p>Comment notre client a renforc\u00e9 sa cybers\u00e9curit\u00e9 ? SOC 24\/7<\/p><\/div><\/div><div class=\"wpr-grid-item-read-more elementor-repeater-item-2730da9 wpr-grid-item-display-block wpr-grid-item-align-left\"><div class=\"inner-block\"><a target=\"_self\" href=\"https:\/\/ipsip.eu\/en\/externalisation-soc\/\" class=\"wpr-button-effect wpr-button-none\"><span>En savoir plus<\/span><\/a><\/div><\/div><\/div><\/div><\/article><article class=\"wpr-grid-item elementor-clearfix post-7383 post type-post status-publish format-standard has-post-thumbnail hentry category-politique-rse-ekinops tag-etudes-de-cas\"><div class=\"wpr-grid-item-inner\"><div class=\"wpr-grid-media-wrap wpr-effect-size-medium \" data-overlay-link=\"yes\"><div class=\"wpr-grid-image-wrap\" data-src=\"https:\/\/ipsip.eu\/wp-content\/uploads\/elementor\/thumbs\/Banniere-blog-Sandvine-1-8-qm961d8ut2cyrprljtwcbwes695zgwzhcvjg5jq1fc.png\" data-img-on-hover=\"\"  data-src-secondary=\"\"><img decoding=\"async\" data-no-lazy=\"1\" src=\"https:\/\/ipsip.eu\/wp-content\/uploads\/elementor\/thumbs\/Banniere-blog-Sandvine-1-8-qm961d8ut2cyrprljtwcbwes695zgwzhcvjg5jq1fc.png\" alt=\"La politique RSE d&rsquo;Ekinops, facteur cl\u00e9 de succ\u00e8s pour un op\u00e9rateur t\u00e9l\u00e9com\" class=\"wpr-anim-timing-ease-default\"><\/div><div class=\"wpr-grid-media-hover wpr-animation-wrap\"><div class=\"wpr-grid-media-hover-bg  wpr-overlay-fade-in wpr-anim-size-large wpr-anim-timing-ease-default wpr-anim-transparency\" data-url=\"https:\/\/ipsip.eu\/en\/politique-rse-ekinops-operateur-telecom\/\"><\/div><\/div><\/div><div class=\"wpr-grid-item-below-content elementor-clearfix\"><h2 class=\"wpr-grid-item-title elementor-repeater-item-84f1dac wpr-grid-item-display-block wpr-grid-item-align-left wpr-pointer-none wpr-pointer-line-fx wpr-pointer-fx-fade\"><div class=\"inner-block\"><a target=\"_self\"  href=\"https:\/\/ipsip.eu\/en\/politique-rse-ekinops-operateur-telecom\/\">La politique RSE d&rsquo;Ekinops, facteur cl\u00e9 de succ\u00e8s pour un op\u00e9rateur t\u00e9l\u00e9com<\/a><\/div><\/h2><div class=\"wpr-grid-item-date elementor-repeater-item-8a35598 wpr-grid-item-display-inline wpr-grid-item-align-left\"><div class=\"inner-block\"><span>5 April 2024<span class=\"wpr-grid-extra-text-right\">\/<\/span><\/span><\/div><\/div><div class=\"wpr-grid-item-excerpt elementor-repeater-item-0f1e5dc wpr-grid-item-display-block wpr-grid-item-align-left\"><div class=\"inner-block\"><p>Politique RSE : comment un op\u00e9rateur t\u00e9l\u00e9com a pu remporter un appel d&#039;offres gr\u00e2ce \u00e0 la strat\u00e9gie RSE d&#039;EKINOPS<\/p><\/div><\/div><div class=\"wpr-grid-item-read-more elementor-repeater-item-2730da9 wpr-grid-item-display-block wpr-grid-item-align-left\"><div class=\"inner-block\"><a target=\"_self\" href=\"https:\/\/ipsip.eu\/en\/politique-rse-ekinops-operateur-telecom\/\" class=\"wpr-button-effect wpr-button-none\"><span>En savoir plus<\/span><\/a><\/div><\/div><\/div><\/div><\/article><article class=\"wpr-grid-item elementor-clearfix post-4627 post type-post status-publish format-standard has-post-thumbnail hentry category-plateforme-invoicing tag-etudes-de-cas\"><div class=\"wpr-grid-item-inner\"><div class=\"wpr-grid-media-wrap wpr-effect-size-medium \" data-overlay-link=\"yes\"><div class=\"wpr-grid-image-wrap\" data-src=\"https:\/\/ipsip.eu\/wp-content\/uploads\/elementor\/thumbs\/pexels-jopwell-2422293-qfs1gbtq1f085gv3antx9mc1k6gl7wrfl69p6pe4s8.jpg\" data-img-on-hover=\"\"  data-src-secondary=\"\"><img decoding=\"async\" data-no-lazy=\"1\" src=\"https:\/\/ipsip.eu\/wp-content\/uploads\/elementor\/thumbs\/pexels-jopwell-2422293-qfs1gbtq1f085gv3antx9mc1k6gl7wrfl69p6pe4s8.jpg\" alt=\"Plateforme Invoicing\" class=\"wpr-anim-timing-ease-default\"><\/div><div class=\"wpr-grid-media-hover wpr-animation-wrap\"><div class=\"wpr-grid-media-hover-bg  wpr-overlay-fade-in wpr-anim-size-large wpr-anim-timing-ease-default wpr-anim-transparency\" data-url=\"https:\/\/ipsip.eu\/en\/plateforme-invoicing-etude-de-cas\/\"><\/div><\/div><\/div><div class=\"wpr-grid-item-below-content elementor-clearfix\"><h2 class=\"wpr-grid-item-title elementor-repeater-item-84f1dac wpr-grid-item-display-block wpr-grid-item-align-left wpr-pointer-none wpr-pointer-line-fx wpr-pointer-fx-fade\"><div class=\"inner-block\"><a target=\"_self\"  href=\"https:\/\/ipsip.eu\/en\/plateforme-invoicing-etude-de-cas\/\">Plateforme Invoicing<\/a><\/div><\/h2><div class=\"wpr-grid-item-date elementor-repeater-item-8a35598 wpr-grid-item-display-inline wpr-grid-item-align-left\"><div class=\"inner-block\"><span>22 November 2023<span class=\"wpr-grid-extra-text-right\">\/<\/span><\/span><\/div><\/div><div class=\"wpr-grid-item-excerpt elementor-repeater-item-0f1e5dc wpr-grid-item-display-block wpr-grid-item-align-left\"><div class=\"inner-block\"><p>Vous avez besoin d&#039;assurer un fonctionnement stable de votre infrastructure et de s\u00e9curisez votre r\u00e9seau ? D\u00e9couvrez les m\u00e9thodes d&#039;IPSIP...<\/p><\/div><\/div><div class=\"wpr-grid-item-read-more elementor-repeater-item-2730da9 wpr-grid-item-display-block wpr-grid-item-align-left\"><div class=\"inner-block\"><a target=\"_self\" href=\"https:\/\/ipsip.eu\/en\/plateforme-invoicing-etude-de-cas\/\" class=\"wpr-button-effect wpr-button-none\"><span>En savoir plus<\/span><\/a><\/div><\/div><\/div><\/div><\/article><article class=\"wpr-grid-item elementor-clearfix post-4563 post type-post status-publish format-standard has-post-thumbnail hentry category-plateforme-mailing-en-croissance tag-etudes-de-cas\"><div class=\"wpr-grid-item-inner\"><div class=\"wpr-grid-media-wrap wpr-effect-size-medium \" data-overlay-link=\"yes\"><div class=\"wpr-grid-image-wrap\" data-src=\"https:\/\/ipsip.eu\/wp-content\/uploads\/elementor\/thumbs\/pexels-pixabay-265087-qfs1gl83xrd3dkhfrrw6yjyni169cvsqygsjzh0720.jpg\" data-img-on-hover=\"\"  data-src-secondary=\"\"><img decoding=\"async\" data-no-lazy=\"1\" src=\"https:\/\/ipsip.eu\/wp-content\/uploads\/elementor\/thumbs\/pexels-pixabay-265087-qfs1gl83xrd3dkhfrrw6yjyni169cvsqygsjzh0720.jpg\" alt=\"Plateforme Mailing en Croissance\" class=\"wpr-anim-timing-ease-default\"><\/div><div class=\"wpr-grid-media-hover wpr-animation-wrap\"><div class=\"wpr-grid-media-hover-bg  wpr-overlay-fade-in wpr-anim-size-large wpr-anim-timing-ease-default wpr-anim-transparency\" data-url=\"https:\/\/ipsip.eu\/en\/plateforme-mailing-en-croissance\/\"><\/div><\/div><\/div><div class=\"wpr-grid-item-below-content elementor-clearfix\"><h2 class=\"wpr-grid-item-title elementor-repeater-item-84f1dac wpr-grid-item-display-block wpr-grid-item-align-left wpr-pointer-none wpr-pointer-line-fx wpr-pointer-fx-fade\"><div class=\"inner-block\"><a target=\"_self\"  href=\"https:\/\/ipsip.eu\/en\/plateforme-mailing-en-croissance\/\">Plateforme Mailing en Croissance<\/a><\/div><\/h2><div class=\"wpr-grid-item-date elementor-repeater-item-8a35598 wpr-grid-item-display-inline wpr-grid-item-align-left\"><div class=\"inner-block\"><span>22 November 2023<span class=\"wpr-grid-extra-text-right\">\/<\/span><\/span><\/div><\/div><div class=\"wpr-grid-item-excerpt elementor-repeater-item-0f1e5dc wpr-grid-item-display-block wpr-grid-item-align-left\"><div class=\"inner-block\"><p>Vous avez besoin de d\u00e9velopper une infrastructure \u00e0 la hauteur de votre croissance ? D\u00e9couvrez une des solutions d&#039;IPSIP dans...<\/p><\/div><\/div><div class=\"wpr-grid-item-read-more elementor-repeater-item-2730da9 wpr-grid-item-display-block wpr-grid-item-align-left\"><div class=\"inner-block\"><a target=\"_self\" href=\"https:\/\/ipsip.eu\/en\/plateforme-mailing-en-croissance\/\" class=\"wpr-button-effect wpr-button-none\"><span>En savoir plus<\/span><\/a><\/div><\/div><\/div><\/div><\/article><\/section>\t\t\t\t<\/div>\n\t\t\t\t<\/div>\n\t\t\t\t\t<\/div>\n\t\t<\/div>\n\t\t\t\t\t<\/div>\n\t\t<\/section>\n\t\t\t\t<\/div>\n\t\t","protected":false},"excerpt":{"rendered":"<p>\u00e9tudes de cas D\u00e9couvrez comment nos clients ont r\u00e9ussi \u00e0 am\u00e9liorer leur activit\u00e9 gr\u00e2ce \u00e0 nos solutions IT. Nos solutions IT sont con\u00e7ues pour r\u00e9pondre aux besoins sp\u00e9cifiques de nos clients. Elles leur permettent d&rsquo;am\u00e9liorer leur productivit\u00e9, de r\u00e9duire leurs co\u00fbts et d&rsquo;accro\u00eetre leur satisfaction client. Tous les articles Politique RSE EKINOPS Plateforme Mailing en Croissance Plateforme Invoicing Cybersecurity Externalisation d&#8217;un SOC (SNS Security) 3 juin 2024\/ Comment notre client a renforc\u00e9 sa cybers\u00e9curit\u00e9 ? SOC 24\/7 En savoir plus La politique RSE d&#8217;Ekinops, facteur cl\u00e9 de succ\u00e8s pour un op\u00e9rateur t\u00e9l\u00e9com 5 avril 2024\/ Politique RSE : comment un op\u00e9rateur t\u00e9l\u00e9com a pu remporter un appel d&#039;offres gr\u00e2ce \u00e0 la strat\u00e9gie RSE d&#039;EKINOPS En savoir plus Plateforme Invoicing 22 novembre 2023\/ Vous avez besoin d&#039;assurer un fonctionnement stable de votre infrastructure et de s\u00e9curisez votre r\u00e9seau ? D\u00e9couvrez les m\u00e9thodes d&#039;IPSIP\u2026 En savoir plus Plateforme Mailing en Croissance 22 novembre 2023\/ Vous avez besoin de d\u00e9velopper une infrastructure \u00e0 la hauteur de votre croissance ? D\u00e9couvrez une des solutions d&#039;IPSIP dans\u2026 En savoir plus<\/p>","protected":false},"author":1,"featured_media":0,"parent":0,"menu_order":0,"comment_status":"closed","ping_status":"closed","template":"","meta":{"footnotes":""},"class_list":["post-2553","page","type-page","status-publish","hentry"],"yoast_head":"<!-- This site is optimized with the Yoast SEO plugin v27.3 - https:\/\/yoast.com\/product\/yoast-seo-wordpress\/ -->\n<title>Etudes de cas - IPSIP Group<\/title>\n<meta name=\"description\" content=\"D\u00e9couvrez comment nos clients ont r\u00e9ussi \u00e0 am\u00e9liorer leur activit\u00e9 gr\u00e2ce \u00e0 nos solutions IT \u00e0 travers nos \u00e9tudes de cas.\" \/>\n<meta name=\"robots\" content=\"index, follow, max-snippet:-1, max-image-preview:large, max-video-preview:-1\" \/>\n<link rel=\"canonical\" href=\"https:\/\/ipsip.eu\/en\/etudes-de-cas\/\" \/>\n<meta property=\"og:locale\" content=\"en_GB\" \/>\n<meta property=\"og:type\" content=\"article\" \/>\n<meta property=\"og:title\" content=\"Etudes de cas - IPSIP Group\" \/>\n<meta property=\"og:description\" content=\"D\u00e9couvrez comment nos clients ont r\u00e9ussi \u00e0 am\u00e9liorer leur activit\u00e9 gr\u00e2ce \u00e0 nos solutions IT \u00e0 travers nos \u00e9tudes de cas.\" \/>\n<meta property=\"og:url\" content=\"https:\/\/ipsip.eu\/en\/etudes-de-cas\/\" \/>\n<meta property=\"og:site_name\" content=\"Ipsip Group - Expert en Cybers\u00e9curit\u00e9, SOC 24\/7, solutions IT\" \/>\n<meta property=\"article:modified_time\" content=\"2024-06-04T07:45:53+00:00\" \/>\n<meta property=\"og:image\" content=\"https:\/\/ipsip.eu\/wp-content\/uploads\/elementor\/thumbs\/SOC-1-qp48sum4knjwewhth965x2bh63gvm9149iwfgi8bzs.webp\" \/>\n<meta name=\"twitter:card\" content=\"summary_large_image\" \/>\n<meta name=\"twitter:label1\" content=\"Estimated reading time\" \/>\n\t<meta name=\"twitter:data1\" content=\"2 minutes\" \/>\n<script type=\"application\/ld+json\" class=\"yoast-schema-graph\">{\"@context\":\"https:\\\/\\\/schema.org\",\"@graph\":[{\"@type\":\"WebPage\",\"@id\":\"https:\\\/\\\/ipsip.eu\\\/fr\\\/etudes-de-cas\\\/\",\"url\":\"https:\\\/\\\/ipsip.eu\\\/fr\\\/etudes-de-cas\\\/\",\"name\":\"Etudes de cas - IPSIP Group\",\"isPartOf\":{\"@id\":\"https:\\\/\\\/ipsip.eu\\\/#website\"},\"primaryImageOfPage\":{\"@id\":\"https:\\\/\\\/ipsip.eu\\\/fr\\\/etudes-de-cas\\\/#primaryimage\"},\"image\":{\"@id\":\"https:\\\/\\\/ipsip.eu\\\/fr\\\/etudes-de-cas\\\/#primaryimage\"},\"thumbnailUrl\":\"https:\\\/\\\/ipsip.eu\\\/wp-content\\\/uploads\\\/elementor\\\/thumbs\\\/SOC-1-qp48sum4knjwewhth965x2bh63gvm9149iwfgi8bzs.webp\",\"datePublished\":\"2023-11-03T14:59:40+00:00\",\"dateModified\":\"2024-06-04T07:45:53+00:00\",\"description\":\"D\u00e9couvrez comment nos clients ont r\u00e9ussi \u00e0 am\u00e9liorer leur activit\u00e9 gr\u00e2ce \u00e0 nos solutions IT \u00e0 travers nos \u00e9tudes de cas.\",\"inLanguage\":\"en-GB\",\"potentialAction\":[{\"@type\":\"ReadAction\",\"target\":[\"https:\\\/\\\/ipsip.eu\\\/fr\\\/etudes-de-cas\\\/\"]}]},{\"@type\":\"ImageObject\",\"inLanguage\":\"en-GB\",\"@id\":\"https:\\\/\\\/ipsip.eu\\\/fr\\\/etudes-de-cas\\\/#primaryimage\",\"url\":\"https:\\\/\\\/ipsip.eu\\\/wp-content\\\/uploads\\\/elementor\\\/thumbs\\\/SOC-1-qp48sum4knjwewhth965x2bh63gvm9149iwfgi8bzs.webp\",\"contentUrl\":\"https:\\\/\\\/ipsip.eu\\\/wp-content\\\/uploads\\\/elementor\\\/thumbs\\\/SOC-1-qp48sum4knjwewhth965x2bh63gvm9149iwfgi8bzs.webp\"},{\"@type\":\"WebSite\",\"@id\":\"https:\\\/\\\/ipsip.eu\\\/#website\",\"url\":\"https:\\\/\\\/ipsip.eu\\\/\",\"name\":\"Ipsip Group - Expert en Cybers\u00e9curit\u00e9, SOC 24\\\/7, solutions IT\",\"description\":\"Make IT Easy\",\"potentialAction\":[{\"@type\":\"SearchAction\",\"target\":{\"@type\":\"EntryPoint\",\"urlTemplate\":\"https:\\\/\\\/ipsip.eu\\\/?s={search_term_string}\"},\"query-input\":{\"@type\":\"PropertyValueSpecification\",\"valueRequired\":true,\"valueName\":\"search_term_string\"}}],\"inLanguage\":\"en-GB\"}]}<\/script>\n<!-- \/ Yoast SEO plugin. -->","yoast_head_json":{"title":"Etudes de cas - IPSIP Group","description":"D\u00e9couvrez comment nos clients ont r\u00e9ussi \u00e0 am\u00e9liorer leur activit\u00e9 gr\u00e2ce \u00e0 nos solutions IT \u00e0 travers nos \u00e9tudes de cas.","robots":{"index":"index","follow":"follow","max-snippet":"max-snippet:-1","max-image-preview":"max-image-preview:large","max-video-preview":"max-video-preview:-1"},"canonical":"https:\/\/ipsip.eu\/en\/etudes-de-cas\/","og_locale":"en_GB","og_type":"article","og_title":"Etudes de cas - IPSIP Group","og_description":"D\u00e9couvrez comment nos clients ont r\u00e9ussi \u00e0 am\u00e9liorer leur activit\u00e9 gr\u00e2ce \u00e0 nos solutions IT \u00e0 travers nos \u00e9tudes de cas.","og_url":"https:\/\/ipsip.eu\/en\/etudes-de-cas\/","og_site_name":"Ipsip Group - Expert en Cybers\u00e9curit\u00e9, SOC 24\/7, solutions IT","article_modified_time":"2024-06-04T07:45:53+00:00","og_image":[{"url":"https:\/\/ipsip.eu\/wp-content\/uploads\/elementor\/thumbs\/SOC-1-qp48sum4knjwewhth965x2bh63gvm9149iwfgi8bzs.webp","type":"","width":"","height":""}],"twitter_card":"summary_large_image","twitter_misc":{"Estimated reading time":"2 minutes"},"schema":{"@context":"https:\/\/schema.org","@graph":[{"@type":"WebPage","@id":"https:\/\/ipsip.eu\/fr\/etudes-de-cas\/","url":"https:\/\/ipsip.eu\/fr\/etudes-de-cas\/","name":"Etudes de cas - IPSIP Group","isPartOf":{"@id":"https:\/\/ipsip.eu\/#website"},"primaryImageOfPage":{"@id":"https:\/\/ipsip.eu\/fr\/etudes-de-cas\/#primaryimage"},"image":{"@id":"https:\/\/ipsip.eu\/fr\/etudes-de-cas\/#primaryimage"},"thumbnailUrl":"https:\/\/ipsip.eu\/wp-content\/uploads\/elementor\/thumbs\/SOC-1-qp48sum4knjwewhth965x2bh63gvm9149iwfgi8bzs.webp","datePublished":"2023-11-03T14:59:40+00:00","dateModified":"2024-06-04T07:45:53+00:00","description":"D\u00e9couvrez comment nos clients ont r\u00e9ussi \u00e0 am\u00e9liorer leur activit\u00e9 gr\u00e2ce \u00e0 nos solutions IT \u00e0 travers nos \u00e9tudes de cas.","inLanguage":"en-GB","potentialAction":[{"@type":"ReadAction","target":["https:\/\/ipsip.eu\/fr\/etudes-de-cas\/"]}]},{"@type":"ImageObject","inLanguage":"en-GB","@id":"https:\/\/ipsip.eu\/fr\/etudes-de-cas\/#primaryimage","url":"https:\/\/ipsip.eu\/wp-content\/uploads\/elementor\/thumbs\/SOC-1-qp48sum4knjwewhth965x2bh63gvm9149iwfgi8bzs.webp","contentUrl":"https:\/\/ipsip.eu\/wp-content\/uploads\/elementor\/thumbs\/SOC-1-qp48sum4knjwewhth965x2bh63gvm9149iwfgi8bzs.webp"},{"@type":"WebSite","@id":"https:\/\/ipsip.eu\/#website","url":"https:\/\/ipsip.eu\/","name":"Ipsip Group - Expert en Cybers\u00e9curit\u00e9, SOC 24\/7, solutions IT","description":"Make IT Easy","potentialAction":[{"@type":"SearchAction","target":{"@type":"EntryPoint","urlTemplate":"https:\/\/ipsip.eu\/?s={search_term_string}"},"query-input":{"@type":"PropertyValueSpecification","valueRequired":true,"valueName":"search_term_string"}}],"inLanguage":"en-GB"}]}},"_links":{"self":[{"href":"https:\/\/ipsip.eu\/en\/wp-json\/wp\/v2\/pages\/2553","targetHints":{"allow":["GET"]}}],"collection":[{"href":"https:\/\/ipsip.eu\/en\/wp-json\/wp\/v2\/pages"}],"about":[{"href":"https:\/\/ipsip.eu\/en\/wp-json\/wp\/v2\/types\/page"}],"author":[{"embeddable":true,"href":"https:\/\/ipsip.eu\/en\/wp-json\/wp\/v2\/users\/1"}],"replies":[{"embeddable":true,"href":"https:\/\/ipsip.eu\/en\/wp-json\/wp\/v2\/comments?post=2553"}],"version-history":[{"count":69,"href":"https:\/\/ipsip.eu\/en\/wp-json\/wp\/v2\/pages\/2553\/revisions"}],"predecessor-version":[{"id":7759,"href":"https:\/\/ipsip.eu\/en\/wp-json\/wp\/v2\/pages\/2553\/revisions\/7759"}],"wp:attachment":[{"href":"https:\/\/ipsip.eu\/en\/wp-json\/wp\/v2\/media?parent=2553"}],"curies":[{"name":"wp","href":"https:\/\/api.w.org\/{rel}","templated":true}]}}