{"id":8246,"date":"2025-01-06T17:00:01","date_gmt":"2025-01-06T16:00:01","guid":{"rendered":"https:\/\/ipsip.eu\/?page_id=8246"},"modified":"2025-01-06T17:01:21","modified_gmt":"2025-01-06T16:01:21","slug":"guide-achat-mdr-managed-detection-and-response","status":"publish","type":"page","link":"https:\/\/ipsip.eu\/en\/guide-achat-mdr-managed-detection-and-response\/","title":{"rendered":"Guide d&rsquo;achat MDR &#8211; Managed Detection and Response"},"content":{"rendered":"<div data-elementor-type=\"wp-page\" data-elementor-id=\"8246\" class=\"elementor elementor-8246\">\n\t\t\t\t\t\t<section class=\"elementor-section elementor-top-section elementor-element elementor-element-7f917a7 elementor-section-boxed elementor-section-height-default elementor-section-height-default wpr-particle-no wpr-jarallax-no wpr-parallax-no wpr-sticky-section-no\" data-id=\"7f917a7\" data-element_type=\"section\">\n\t\t\t\t\t\t<div class=\"elementor-container elementor-column-gap-default\">\n\t\t\t\t\t<div class=\"elementor-column elementor-col-33 elementor-top-column elementor-element elementor-element-ee0fc2d\" data-id=\"ee0fc2d\" data-element_type=\"column\">\n\t\t\t<div class=\"elementor-widget-wrap elementor-element-populated\">\n\t\t\t\t\t\t<div class=\"elementor-element elementor-element-18a2707 elementor-widget elementor-widget-spacer\" data-id=\"18a2707\" data-element_type=\"widget\" data-widget_type=\"spacer.default\">\n\t\t\t\t<div class=\"elementor-widget-container\">\n\t\t\t\t\t\t\t<div class=\"elementor-spacer\">\n\t\t\t<div class=\"elementor-spacer-inner\"><\/div>\n\t\t<\/div>\n\t\t\t\t\t\t<\/div>\n\t\t\t\t<\/div>\n\t\t\t\t<div class=\"elementor-element elementor-element-43de1f5 elementor-widget elementor-widget-button\" data-id=\"43de1f5\" data-element_type=\"widget\" data-widget_type=\"button.default\">\n\t\t\t\t<div class=\"elementor-widget-container\">\n\t\t\t\t\t\t\t\t\t<div class=\"elementor-button-wrapper\">\n\t\t\t\t\t<a class=\"elementor-button elementor-button-link elementor-size-sm\" href=\"#\">\n\t\t\t\t\t\t<span class=\"elementor-button-content-wrapper\">\n\t\t\t\t\t\t\t\t\t<span class=\"elementor-button-text\">Guide<\/span>\n\t\t\t\t\t<\/span>\n\t\t\t\t\t<\/a>\n\t\t\t\t<\/div>\n\t\t\t\t\t\t\t\t<\/div>\n\t\t\t\t<\/div>\n\t\t\t\t<div class=\"elementor-element elementor-element-2dda2cf elementor-widget elementor-widget-heading\" data-id=\"2dda2cf\" data-element_type=\"widget\" data-widget_type=\"heading.default\">\n\t\t\t\t<div class=\"elementor-widget-container\">\n\t\t\t\t\t<h1 class=\"elementor-heading-title elementor-size-default\">Le guide complet pour choisir votre fournisseur de service MDR<\/h1>\t\t\t\t<\/div>\n\t\t\t\t<\/div>\n\t\t\t\t<div class=\"elementor-element elementor-element-72cc2b6 elementor-widget elementor-widget-heading\" data-id=\"72cc2b6\" data-element_type=\"widget\" data-widget_type=\"heading.default\">\n\t\t\t\t<div class=\"elementor-widget-container\">\n\t\t\t\t\t<h2 class=\"elementor-heading-title elementor-size-default\">Posez les bonnes questions, \u00e9vitez les pi\u00e8ges et trouvez le partenaire qui r\u00e9pondra parfaitement \u00e0 vos enjeux de cybers\u00e9curit\u00e9.<\/h2>\t\t\t\t<\/div>\n\t\t\t\t<\/div>\n\t\t\t\t<div class=\"elementor-element elementor-element-c9e48b4 elementor-widget elementor-widget-spacer\" data-id=\"c9e48b4\" data-element_type=\"widget\" data-widget_type=\"spacer.default\">\n\t\t\t\t<div class=\"elementor-widget-container\">\n\t\t\t\t\t\t\t<div class=\"elementor-spacer\">\n\t\t\t<div class=\"elementor-spacer-inner\"><\/div>\n\t\t<\/div>\n\t\t\t\t\t\t<\/div>\n\t\t\t\t<\/div>\n\t\t\t\t<div class=\"elementor-element elementor-element-0b33a67 elementor-widget elementor-widget-text-editor\" data-id=\"0b33a67\" data-element_type=\"widget\" data-widget_type=\"text-editor.default\">\n\t\t\t\t<div class=\"elementor-widget-container\">\n\t\t\t\t\t\t\t\t\t<p>Dans ce guide d&rsquo;achat, vous retrouverez :<\/p><ul><li>Une checklist pour vous aider \u00e0 choisir le fournisseur adapt\u00e9 \u00e0 vos besoins<\/li><li>Des conseils pour comparer les solutions disponibles<\/li><li>Un aper\u00e7u des certifications et des int\u00e9grations \u00e0 consid\u00e9rer<\/li><li>Les b\u00e9n\u00e9fices d\u2019un MDR manag\u00e9 en 24\/7<\/li><\/ul>\t\t\t\t\t\t\t\t<\/div>\n\t\t\t\t<\/div>\n\t\t\t\t\t<\/div>\n\t\t<\/div>\n\t\t\t\t<div class=\"elementor-column elementor-col-33 elementor-top-column elementor-element elementor-element-09ce3be\" data-id=\"09ce3be\" data-element_type=\"column\">\n\t\t\t<div class=\"elementor-widget-wrap elementor-element-populated\">\n\t\t\t\t\t\t<div class=\"elementor-element elementor-element-a218409 elementor-widget elementor-widget-eael-typeform\" data-id=\"a218409\" data-element_type=\"widget\" data-widget_type=\"eael-typeform.default\">\n\t\t\t\t<div class=\"elementor-widget-container\">\n\t\t\t\t\t<div data-typeform=\"{&quot;url&quot;:&quot;https:\\\/\\\/research.typeform.com\\\/to\\\/jMqUxs66&quot;,&quot;hideFooter&quot;:false,&quot;hideHeaders&quot;:false,&quot;opacity&quot;:73}\" id=\"eael-type-form-a218409\" class=\"eael-typeform clearfix fs_wp_sidebar fsBody eael-contact-form eael-typeform-align-center\"><\/div>\t\t\t\t<\/div>\n\t\t\t\t<\/div>\n\t\t\t\t\t<\/div>\n\t\t<\/div>\n\t\t\t\t<div class=\"elementor-column elementor-col-33 elementor-top-column elementor-element elementor-element-21af872\" data-id=\"21af872\" data-element_type=\"column\">\n\t\t\t<div class=\"elementor-widget-wrap\">\n\t\t\t\t\t\t\t<\/div>\n\t\t<\/div>\n\t\t\t\t\t<\/div>\n\t\t<\/section>\n\t\t\t\t<\/div>","protected":false},"excerpt":{"rendered":"<p>Posez les bonnes questions, \u00e9vitez les pi\u00e8ges et trouvez le partenaire qui r\u00e9pondra parfaitement \u00e0 vos enjeux de cybers\u00e9curit\u00e9.\u200b<\/p>","protected":false},"author":8,"featured_media":0,"parent":0,"menu_order":0,"comment_status":"closed","ping_status":"closed","template":"elementor_header_footer","meta":{"footnotes":""},"class_list":["post-8246","page","type-page","status-publish","hentry"],"yoast_head":"<!-- This site is optimized with the Yoast SEO plugin v27.6 - https:\/\/yoast.com\/product\/yoast-seo-wordpress\/ -->\n<title>Guide d&#039;achat MDR - Managed Detection and Response<\/title>\n<meta name=\"description\" content=\"Posez les bonnes questions, \u00e9vitez les pi\u00e8ges et trouvez le partenaire qui r\u00e9pondra parfaitement \u00e0 vos enjeux de cybers\u00e9curit\u00e9.\" \/>\n<meta name=\"robots\" content=\"index, follow, max-snippet:-1, max-image-preview:large, max-video-preview:-1\" \/>\n<link rel=\"canonical\" href=\"https:\/\/ipsip.eu\/en\/guide-achat-mdr-managed-detection-and-response\/\" \/>\n<meta property=\"og:locale\" content=\"en_GB\" \/>\n<meta property=\"og:type\" content=\"article\" \/>\n<meta property=\"og:title\" content=\"Guide d&#039;achat MDR - Managed Detection and Response\" \/>\n<meta property=\"og:description\" content=\"Posez les bonnes questions, \u00e9vitez les pi\u00e8ges et trouvez le partenaire qui r\u00e9pondra parfaitement \u00e0 vos enjeux de cybers\u00e9curit\u00e9.\" \/>\n<meta property=\"og:url\" content=\"https:\/\/ipsip.eu\/en\/guide-achat-mdr-managed-detection-and-response\/\" \/>\n<meta property=\"og:site_name\" content=\"Ipsip Group - Expert en Cybers\u00e9curit\u00e9, SOC 24\/7, solutions IT\" \/>\n<meta property=\"article:modified_time\" content=\"2025-01-06T16:01:21+00:00\" \/>\n<meta name=\"twitter:card\" content=\"summary_large_image\" \/>\n<meta name=\"twitter:label1\" content=\"Estimated reading time\" \/>\n\t<meta name=\"twitter:data1\" content=\"1 minute\" \/>\n<script type=\"application\/ld+json\" class=\"yoast-schema-graph\">{\"@context\":\"https:\\\/\\\/schema.org\",\"@graph\":[{\"@type\":\"WebPage\",\"@id\":\"https:\\\/\\\/ipsip.eu\\\/guide-achat-mdr-managed-detection-and-response\\\/\",\"url\":\"https:\\\/\\\/ipsip.eu\\\/guide-achat-mdr-managed-detection-and-response\\\/\",\"name\":\"Guide d'achat MDR - Managed Detection and Response\",\"isPartOf\":{\"@id\":\"https:\\\/\\\/ipsip.eu\\\/#website\"},\"datePublished\":\"2025-01-06T16:00:01+00:00\",\"dateModified\":\"2025-01-06T16:01:21+00:00\",\"description\":\"Posez les bonnes questions, \u00e9vitez les pi\u00e8ges et trouvez le partenaire qui r\u00e9pondra parfaitement \u00e0 vos enjeux de cybers\u00e9curit\u00e9.\",\"inLanguage\":\"en-GB\",\"potentialAction\":[{\"@type\":\"ReadAction\",\"target\":[\"https:\\\/\\\/ipsip.eu\\\/guide-achat-mdr-managed-detection-and-response\\\/\"]}]},{\"@type\":\"WebSite\",\"@id\":\"https:\\\/\\\/ipsip.eu\\\/#website\",\"url\":\"https:\\\/\\\/ipsip.eu\\\/\",\"name\":\"Ipsip Group - Expert en Cybers\u00e9curit\u00e9, SOC 24\\\/7, solutions IT\",\"description\":\"Make IT Easy\",\"potentialAction\":[{\"@type\":\"SearchAction\",\"target\":{\"@type\":\"EntryPoint\",\"urlTemplate\":\"https:\\\/\\\/ipsip.eu\\\/?s={search_term_string}\"},\"query-input\":{\"@type\":\"PropertyValueSpecification\",\"valueRequired\":true,\"valueName\":\"search_term_string\"}}],\"inLanguage\":\"en-GB\"}]}<\/script>\n<!-- \/ Yoast SEO plugin. -->","yoast_head_json":{"title":"Guide d'achat MDR - Managed Detection and Response","description":"Posez les bonnes questions, \u00e9vitez les pi\u00e8ges et trouvez le partenaire qui r\u00e9pondra parfaitement \u00e0 vos enjeux de cybers\u00e9curit\u00e9.","robots":{"index":"index","follow":"follow","max-snippet":"max-snippet:-1","max-image-preview":"max-image-preview:large","max-video-preview":"max-video-preview:-1"},"canonical":"https:\/\/ipsip.eu\/en\/guide-achat-mdr-managed-detection-and-response\/","og_locale":"en_GB","og_type":"article","og_title":"Guide d'achat MDR - Managed Detection and Response","og_description":"Posez les bonnes questions, \u00e9vitez les pi\u00e8ges et trouvez le partenaire qui r\u00e9pondra parfaitement \u00e0 vos enjeux de cybers\u00e9curit\u00e9.","og_url":"https:\/\/ipsip.eu\/en\/guide-achat-mdr-managed-detection-and-response\/","og_site_name":"Ipsip Group - Expert en Cybers\u00e9curit\u00e9, SOC 24\/7, solutions IT","article_modified_time":"2025-01-06T16:01:21+00:00","twitter_card":"summary_large_image","twitter_misc":{"Estimated reading time":"1 minute"},"schema":{"@context":"https:\/\/schema.org","@graph":[{"@type":"WebPage","@id":"https:\/\/ipsip.eu\/guide-achat-mdr-managed-detection-and-response\/","url":"https:\/\/ipsip.eu\/guide-achat-mdr-managed-detection-and-response\/","name":"Guide d'achat MDR - Managed Detection and Response","isPartOf":{"@id":"https:\/\/ipsip.eu\/#website"},"datePublished":"2025-01-06T16:00:01+00:00","dateModified":"2025-01-06T16:01:21+00:00","description":"Posez les bonnes questions, \u00e9vitez les pi\u00e8ges et trouvez le partenaire qui r\u00e9pondra parfaitement \u00e0 vos enjeux de cybers\u00e9curit\u00e9.","inLanguage":"en-GB","potentialAction":[{"@type":"ReadAction","target":["https:\/\/ipsip.eu\/guide-achat-mdr-managed-detection-and-response\/"]}]},{"@type":"WebSite","@id":"https:\/\/ipsip.eu\/#website","url":"https:\/\/ipsip.eu\/","name":"Ipsip Group - Expert en Cybers\u00e9curit\u00e9, SOC 24\/7, solutions IT","description":"Make IT Easy","potentialAction":[{"@type":"SearchAction","target":{"@type":"EntryPoint","urlTemplate":"https:\/\/ipsip.eu\/?s={search_term_string}"},"query-input":{"@type":"PropertyValueSpecification","valueRequired":true,"valueName":"search_term_string"}}],"inLanguage":"en-GB"}]}},"_links":{"self":[{"href":"https:\/\/ipsip.eu\/en\/wp-json\/wp\/v2\/pages\/8246","targetHints":{"allow":["GET"]}}],"collection":[{"href":"https:\/\/ipsip.eu\/en\/wp-json\/wp\/v2\/pages"}],"about":[{"href":"https:\/\/ipsip.eu\/en\/wp-json\/wp\/v2\/types\/page"}],"author":[{"embeddable":true,"href":"https:\/\/ipsip.eu\/en\/wp-json\/wp\/v2\/users\/8"}],"replies":[{"embeddable":true,"href":"https:\/\/ipsip.eu\/en\/wp-json\/wp\/v2\/comments?post=8246"}],"version-history":[{"count":10,"href":"https:\/\/ipsip.eu\/en\/wp-json\/wp\/v2\/pages\/8246\/revisions"}],"predecessor-version":[{"id":8257,"href":"https:\/\/ipsip.eu\/en\/wp-json\/wp\/v2\/pages\/8246\/revisions\/8257"}],"wp:attachment":[{"href":"https:\/\/ipsip.eu\/en\/wp-json\/wp\/v2\/media?parent=8246"}],"curies":[{"name":"wp","href":"https:\/\/api.w.org\/{rel}","templated":true}]}}