{"id":8418,"date":"2025-04-15T16:42:10","date_gmt":"2025-04-15T14:42:10","guid":{"rendered":"https:\/\/ipsip.eu\/?page_id=8418"},"modified":"2026-01-12T16:32:04","modified_gmt":"2026-01-12T15:32:04","slug":"coro-ipsip-cybersecurity-tpe-pme","status":"publish","type":"page","link":"https:\/\/ipsip.eu\/en\/coro-ipsip-cybersecurity-tpe-pme\/","title":{"rendered":"CORO"},"content":{"rendered":"<div data-elementor-type=\"wp-page\" data-elementor-id=\"8418\" class=\"elementor elementor-8418\">\n\t\t\t\t\t\t<section class=\"elementor-section elementor-top-section elementor-element elementor-element-0f58edf elementor-section-boxed elementor-section-height-default elementor-section-height-default wpr-particle-no wpr-jarallax-no wpr-parallax-no wpr-sticky-section-no\" data-id=\"0f58edf\" data-element_type=\"section\" data-settings=\"{&quot;background_background&quot;:&quot;gradient&quot;}\">\n\t\t\t\t\t\t<div class=\"elementor-container elementor-column-gap-default\">\n\t\t\t\t\t<div class=\"elementor-column elementor-col-100 elementor-top-column elementor-element elementor-element-17d5458\" data-id=\"17d5458\" data-element_type=\"column\">\n\t\t\t<div class=\"elementor-widget-wrap elementor-element-populated\">\n\t\t\t\t\t\t<div class=\"elementor-element elementor-element-9105cf8 elementor-widget elementor-widget-spacer\" data-id=\"9105cf8\" data-element_type=\"widget\" data-widget_type=\"spacer.default\">\n\t\t\t\t<div class=\"elementor-widget-container\">\n\t\t\t\t\t\t\t<div class=\"elementor-spacer\">\n\t\t\t<div class=\"elementor-spacer-inner\"><\/div>\n\t\t<\/div>\n\t\t\t\t\t\t<\/div>\n\t\t\t\t<\/div>\n\t\t\t\t<div class=\"elementor-element elementor-element-37a9279 elementor-widget elementor-widget-heading\" data-id=\"37a9279\" data-element_type=\"widget\" data-widget_type=\"heading.default\">\n\t\t\t\t<div class=\"elementor-widget-container\">\n\t\t\t\t\t<h1 class=\"elementor-heading-title elementor-size-default\">Cybersecurity SaaS platform for SMEs<\/h1>\t\t\t\t<\/div>\n\t\t\t\t<\/div>\n\t\t\t\t<div class=\"elementor-element elementor-element-4bb5ec9 elementor-widget elementor-widget-spacer\" data-id=\"4bb5ec9\" data-element_type=\"widget\" data-widget_type=\"spacer.default\">\n\t\t\t\t<div class=\"elementor-widget-container\">\n\t\t\t\t\t\t\t<div class=\"elementor-spacer\">\n\t\t\t<div class=\"elementor-spacer-inner\"><\/div>\n\t\t<\/div>\n\t\t\t\t\t\t<\/div>\n\t\t\t\t<\/div>\n\t\t\t\t<div class=\"elementor-element elementor-element-326443b premium-blog-align-left elementor-widget elementor-widget-premium-addon-blog\" data-id=\"326443b\" data-element_type=\"widget\" data-widget_type=\"premium-addon-blog.default\">\n\t\t\t\t<div class=\"elementor-widget-container\">\n\t\t\t\t\t\r\n\t\t\t\t<div class=\"premium-blog-wrap  premium-blog-list\" data-page=\"8418\">\r\n\t\t\t\t\t<div class=\"premium-blog-post-outer-container\" data-total=\"1\">\r\n\t\t\t<div class=\"premium-blog-post-container premium-blog-skin-banner\">\r\n\t\t\t\t\t\t\t\t\t<div class=\"premium-blog-thumb-effect-wrapper\">\r\n\t\t\t\t\t\t<div class=\"premium-blog-thumbnail-container premium-blog-zoomin-effect\">\r\n\t\t\t\t\t\t\t<img fetchpriority=\"high\" decoding=\"async\" width=\"2560\" height=\"1440\" src=\"https:\/\/ipsip.eu\/wp-content\/uploads\/2025\/04\/close-up-coding-software-tablet-server-room-scaled.webp\" class=\"attachment-full size-full wp-image-8530\" alt=\"Partenariat IPSIP x coro\" srcset=\"https:\/\/ipsip.eu\/wp-content\/uploads\/2025\/04\/close-up-coding-software-tablet-server-room-scaled.webp 2560w, https:\/\/ipsip.eu\/wp-content\/uploads\/2025\/04\/close-up-coding-software-tablet-server-room-300x169.webp 300w, https:\/\/ipsip.eu\/wp-content\/uploads\/2025\/04\/close-up-coding-software-tablet-server-room-1024x576.webp 1024w, https:\/\/ipsip.eu\/wp-content\/uploads\/2025\/04\/close-up-coding-software-tablet-server-room-768x432.webp 768w, https:\/\/ipsip.eu\/wp-content\/uploads\/2025\/04\/close-up-coding-software-tablet-server-room-1536x864.webp 1536w, https:\/\/ipsip.eu\/wp-content\/uploads\/2025\/04\/close-up-coding-software-tablet-server-room-2048x1152.webp 2048w, https:\/\/ipsip.eu\/wp-content\/uploads\/2025\/04\/close-up-coding-software-tablet-server-room-18x10.webp 18w\" sizes=\"(max-width: 2560px) 100vw, 2560px\" \/>\t\t\t\t\t\t<\/div>\r\n\t\t\t\t\t\t\t\t\t\t\t\t\t<div class=\"premium-blog-thumbnail-overlay\">\r\n\t\t\t\t\t\t\t\t<a class=\"elementor-icon\" href=\"https:\/\/ipsip.eu\/en\/coro-cybersecurite-tpe-pme-annonce-partenariat-ipsip\/\" target=\"_self\"><\/a>\r\n\t\t\t\t\t\t\t<\/div>\r\n\r\n\t\t\t\t\t\t\t\t\t\t\t\t\t\t\t\t\t\t<\/div>\r\n\t\t\t\t\t\t\t\t\t\t\t\t<div class=\"premium-blog-content-wrapper\">\r\n\r\n\t\t\t\t\t<div class=\"premium-blog-inner-container\">\r\n\r\n\t\t\t\t\t\t\t\t\t\t\t\t\t<div class=\"premium-blog-cats-container\">\r\n\t\t\t\t\t\t\t\t<ul class=\"post-categories\">\r\n\t\t\t\t\t\t\t\t\t<li><a href=\"https:\/\/ipsip.eu\/en\/category\/cybersecurite\/\" class=\"elementor-repeater-item-2f2c6d7\">Cybersecurity<\/a><\/li>\t\t\t\t\t\t\t\t<\/ul>\r\n\t\t\t\t\t\t\t<\/div>\r\n\t\t\t\t\t\t\t\t\t\t\t\t\t\t<h2 class=\"premium-blog-entry-title\">\r\n\t\t\t<a href=\"https:\/\/ipsip.eu\/en\/coro-cybersecurite-tpe-pme-annonce-partenariat-ipsip\/\" target=\"_self\">\r\n\t\t\t\tCybersecurity for small businesses and SMEs \u2013 CORO &amp; IPSIP partnership\t\t\t<\/a>\r\n\t\t<\/h2>\r\n\t\t\t\t<div class=\"premium-blog-entry-meta\">\r\n\t\t\t\r\n\t\t\t\r\n\t\t\t\r\n\t\t\t\t\t<\/div>\r\n\t\t\r\n\t\t\t\t\t<\/div>\r\n\r\n\t\t\t\t\t\t\t<div class=\"premium-blog-content-inner-wrapper\">\r\n\t\t<p class=\"premium-blog-post-content\">Dans un monde de plus en plus interconnect\u00e9, la cybers\u00e9curit\u00e9 n\u2019est plus une question r\u00e9serv\u00e9e aux grands groupes. IPSIP s'allie \u00e0 CORO...<\/p>\t\t<\/div>\r\n\t\t\t\t\t\t\t\r\n\t\t\t\t<\/div>\r\n\t\t\t<\/div>\r\n\t\t<\/div>\r\n\r\n\t\t\t\t<\/div>\r\n\r\n\t\t\t\t\t\t<\/div>\n\t\t\t\t<\/div>\n\t\t\t\t<section class=\"elementor-section elementor-inner-section elementor-element elementor-element-6ddbf57 elementor-reverse-mobile elementor-section-boxed elementor-section-height-default elementor-section-height-default wpr-particle-no wpr-jarallax-no wpr-parallax-no wpr-sticky-section-no\" data-id=\"6ddbf57\" data-element_type=\"section\">\n\t\t\t\t\t\t<div class=\"elementor-container elementor-column-gap-default\">\n\t\t\t\t\t<div class=\"elementor-column elementor-col-50 elementor-inner-column elementor-element elementor-element-6c8a4fe\" data-id=\"6c8a4fe\" data-element_type=\"column\">\n\t\t\t<div class=\"elementor-widget-wrap elementor-element-populated\">\n\t\t\t\t\t\t<div class=\"elementor-element elementor-element-5a960a6 elementor-widget elementor-widget-spacer\" data-id=\"5a960a6\" data-element_type=\"widget\" data-widget_type=\"spacer.default\">\n\t\t\t\t<div class=\"elementor-widget-container\">\n\t\t\t\t\t\t\t<div class=\"elementor-spacer\">\n\t\t\t<div class=\"elementor-spacer-inner\"><\/div>\n\t\t<\/div>\n\t\t\t\t\t\t<\/div>\n\t\t\t\t<\/div>\n\t\t\t\t<div class=\"elementor-element elementor-element-ce5c175 elementor-align-left elementor-widget elementor-widget-button\" data-id=\"ce5c175\" data-element_type=\"widget\" data-widget_type=\"button.default\">\n\t\t\t\t<div class=\"elementor-widget-container\">\n\t\t\t\t\t\t\t\t\t<div class=\"elementor-button-wrapper translation-block\"><a class=\"elementor-button elementor-button-link elementor-size-sm\" href=\"https:\/\/security.ipsip.eu\/plateforme-cybersecurite-saas-tpe-pme\/\" target=\"_self\">\n\t\t\t\t\t\t<span class=\"elementor-button-content-wrapper\">\n\t\t\t\t\t\t\t\t\t<span class=\"elementor-button-text\">Discover our modules starting at\n<b>3\u20ac VAT\/month<\/b><\/span>\n\t\t\t\t\t<\/span>\n\t\t\t\t\t<\/a><\/div>\n\t\t\t\t\t\t\t\t<\/div>\n\t\t\t\t<\/div>\n\t\t\t\t<div class=\"elementor-element elementor-element-57f7c50 elementor-widget elementor-widget-heading\" data-id=\"57f7c50\" data-element_type=\"widget\" data-widget_type=\"heading.default\">\n\t\t\t\t<div class=\"elementor-widget-container\">\n\t\t\t\t\t<h2 class=\"elementor-heading-title elementor-size-default\">It's not too late to strengthen your company's cybersecurity! <\/h2>\t\t\t\t<\/div>\n\t\t\t\t<\/div>\n\t\t\t\t<div class=\"elementor-element elementor-element-93cdd6f elementor-align-left elementor-icon-list--layout-traditional elementor-list-item-link-full_width elementor-widget elementor-widget-icon-list\" data-id=\"93cdd6f\" data-element_type=\"widget\" data-widget_type=\"icon-list.default\">\n\t\t\t\t<div class=\"elementor-widget-container\">\n\t\t\t\t\t\t\t<ul class=\"elementor-icon-list-items\">\n\t\t\t\t\t\t\t<li class=\"elementor-icon-list-item\">\n\t\t\t\t\t\t\t\t\t\t\t<span class=\"elementor-icon-list-icon\">\n\t\t\t\t\t\t\t<i aria-hidden=\"true\" class=\"fas fa-check-circle\"><\/i>\t\t\t\t\t\t<\/span>\n\t\t\t\t\t\t\t\t\t\t<span class=\"elementor-icon-list-text\">Secure your business with a solution tailored to your budget<\/span>\n\t\t\t\t\t\t\t\t\t<\/li>\n\t\t\t\t\t\t\t\t<li class=\"elementor-icon-list-item\">\n\t\t\t\t\t\t\t\t\t\t\t<span class=\"elementor-icon-list-icon\">\n\t\t\t\t\t\t\t<i aria-hidden=\"true\" class=\"fas fa-check-circle\"><\/i>\t\t\t\t\t\t<\/span>\n\t\t\t\t\t\t\t\t\t\t<span class=\"elementor-icon-list-text\">Easy to use, no technical skills needed<\/span>\n\t\t\t\t\t\t\t\t\t<\/li>\n\t\t\t\t\t\t<\/ul>\n\t\t\t\t\t\t<\/div>\n\t\t\t\t<\/div>\n\t\t\t\t\t<\/div>\n\t\t<\/div>\n\t\t\t\t<div class=\"elementor-column elementor-col-50 elementor-inner-column elementor-element elementor-element-c6737b1\" data-id=\"c6737b1\" data-element_type=\"column\">\n\t\t\t<div class=\"elementor-widget-wrap elementor-element-populated\">\n\t\t\t\t\t\t<div class=\"elementor-element elementor-element-8884b4a elementor-widget elementor-widget-spacer\" data-id=\"8884b4a\" data-element_type=\"widget\" data-widget_type=\"spacer.default\">\n\t\t\t\t<div class=\"elementor-widget-container\">\n\t\t\t\t\t\t\t<div class=\"elementor-spacer\">\n\t\t\t<div class=\"elementor-spacer-inner\"><\/div>\n\t\t<\/div>\n\t\t\t\t\t\t<\/div>\n\t\t\t\t<\/div>\n\t\t\t\t<div class=\"elementor-element elementor-element-0081e29 elementor-widget elementor-widget-image\" data-id=\"0081e29\" data-element_type=\"widget\" data-widget_type=\"image.default\">\n\t\t\t\t<div class=\"elementor-widget-container\">\n\t\t\t\t\t\t\t\t\t\t\t\t\t\t\t<img decoding=\"async\" width=\"2048\" height=\"1236\" src=\"https:\/\/ipsip.eu\/wp-content\/uploads\/2025\/04\/coro-product-screen-3-1-2048x1236-1.webp\" class=\"attachment-full size-full wp-image-8421\" alt=\"PLATEFORME CORO\" srcset=\"https:\/\/ipsip.eu\/wp-content\/uploads\/2025\/04\/coro-product-screen-3-1-2048x1236-1.webp 2048w, https:\/\/ipsip.eu\/wp-content\/uploads\/2025\/04\/coro-product-screen-3-1-2048x1236-1-300x181.webp 300w, https:\/\/ipsip.eu\/wp-content\/uploads\/2025\/04\/coro-product-screen-3-1-2048x1236-1-1024x618.webp 1024w, https:\/\/ipsip.eu\/wp-content\/uploads\/2025\/04\/coro-product-screen-3-1-2048x1236-1-768x464.webp 768w, https:\/\/ipsip.eu\/wp-content\/uploads\/2025\/04\/coro-product-screen-3-1-2048x1236-1-1536x927.webp 1536w, https:\/\/ipsip.eu\/wp-content\/uploads\/2025\/04\/coro-product-screen-3-1-2048x1236-1-18x12.webp 18w\" sizes=\"(max-width: 2048px) 100vw, 2048px\" \/>\t\t\t\t\t\t\t\t\t\t\t\t\t\t\t<\/div>\n\t\t\t\t<\/div>\n\t\t\t\t<div class=\"elementor-element elementor-element-84464e5 elementor-align-center elementor-widget elementor-widget-button\" data-id=\"84464e5\" data-element_type=\"widget\" data-widget_type=\"button.default\">\n\t\t\t\t<div class=\"elementor-widget-container\">\n\t\t\t\t\t\t\t\t\t<div class=\"elementor-button-wrapper\">\n\t\t\t\t\t<a class=\"elementor-button elementor-button-link elementor-size-sm\" href=\"https:\/\/security.ipsip.eu\/plateforme-cybersecurite-pme-coro-tarifs\/\">\n\t\t\t\t\t\t<span class=\"elementor-button-content-wrapper\">\n\t\t\t\t\t\t\t\t\t<span class=\"elementor-button-text\">Discover our pricing<\/span>\n\t\t\t\t\t<\/span>\n\t\t\t\t\t<\/a>\n\t\t\t\t<\/div>\n\t\t\t\t\t\t\t\t<\/div>\n\t\t\t\t<\/div>\n\t\t\t\t\t<\/div>\n\t\t<\/div>\n\t\t\t\t\t<\/div>\n\t\t<\/section>\n\t\t\t\t<div class=\"elementor-element elementor-element-ace8b2a elementor-widget elementor-widget-spacer\" data-id=\"ace8b2a\" data-element_type=\"widget\" data-widget_type=\"spacer.default\">\n\t\t\t\t<div class=\"elementor-widget-container\">\n\t\t\t\t\t\t\t<div class=\"elementor-spacer\">\n\t\t\t<div class=\"elementor-spacer-inner\"><\/div>\n\t\t<\/div>\n\t\t\t\t\t\t<\/div>\n\t\t\t\t<\/div>\n\t\t\t\t\t<\/div>\n\t\t<\/div>\n\t\t\t\t\t<\/div>\n\t\t<\/section>\n\t\t\t\t<\/div>","protected":false},"excerpt":{"rendered":"<p>Plateforme SaaS Cybers\u00e9curit\u00e9 pour TPE et PME Cybers\u00e9curit\u00e9 TPE et PME &#8211; Partenariat CORO &amp; IPSIP Cybers\u00e9curit\u00e9 Cybers\u00e9curit\u00e9 TPE et PME &#8211; Partenariat CORO &amp; IPSIP Dans un monde de plus en plus interconnect\u00e9, la cybers\u00e9curit\u00e9 n\u2019est plus une question r\u00e9serv\u00e9e aux grands groupes. IPSIP s&rsquo;allie \u00e0 CORO&#8230; D\u00e9couvrez nos modules \u00e0 partir de 3\u20ac HT\/mois Il n&rsquo;est pas trop tard pour renforcer la cybers\u00e9curit\u00e9 de votre entreprise ! Cybers\u00e9curisez votre entreprise avec une solution adapt\u00e9e \u00e0 votre budget Accessible m\u00eame sans comp\u00e9tences techniques Tarifs sur security.ipsip.eu<\/p>","protected":false},"author":4,"featured_media":0,"parent":0,"menu_order":0,"comment_status":"closed","ping_status":"closed","template":"elementor_header_footer","meta":{"footnotes":""},"class_list":["post-8418","page","type-page","status-publish","hentry"],"yoast_head":"<!-- This site is optimized with the Yoast SEO plugin v27.3 - https:\/\/yoast.com\/product\/yoast-seo-wordpress\/ -->\n<title>CORO - Ipsip Group - Expert en Cybers\u00e9curit\u00e9, SOC 24\/7, solutions IT<\/title>\n<meta name=\"description\" content=\"CORO Plateforme SaaS cybers\u00e9curit\u00e9 con\u00e7ue pour les PME - Prise en main facile, solution modulaire et conforme au RGPD - D\u00e9couvrez nos tarifs\" \/>\n<meta name=\"robots\" content=\"index, follow, max-snippet:-1, max-image-preview:large, max-video-preview:-1\" \/>\n<link rel=\"canonical\" href=\"https:\/\/ipsip.eu\/en\/coro-ipsip-cybersecurity-tpe-pme\/\" \/>\n<meta property=\"og:locale\" content=\"en_GB\" \/>\n<meta property=\"og:type\" content=\"article\" \/>\n<meta property=\"og:title\" content=\"CORO - Ipsip Group - Expert en Cybers\u00e9curit\u00e9, SOC 24\/7, solutions IT\" \/>\n<meta property=\"og:description\" content=\"CORO Plateforme SaaS cybers\u00e9curit\u00e9 con\u00e7ue pour les PME - Prise en main facile, solution modulaire et conforme au RGPD - D\u00e9couvrez nos tarifs\" \/>\n<meta property=\"og:url\" content=\"https:\/\/ipsip.eu\/en\/coro-ipsip-cybersecurity-tpe-pme\/\" \/>\n<meta property=\"og:site_name\" content=\"Ipsip Group - Expert en Cybers\u00e9curit\u00e9, SOC 24\/7, solutions IT\" \/>\n<meta property=\"article:modified_time\" content=\"2026-01-12T15:32:04+00:00\" \/>\n<meta property=\"og:image\" content=\"https:\/\/ipsip.eu\/wp-content\/uploads\/2025\/04\/close-up-coding-software-tablet-server-room-scaled.webp\" \/>\n<meta name=\"twitter:card\" content=\"summary_large_image\" \/>\n<meta name=\"twitter:label1\" content=\"Estimated reading time\" \/>\n\t<meta name=\"twitter:data1\" content=\"1 minute\" \/>\n<script type=\"application\/ld+json\" class=\"yoast-schema-graph\">{\"@context\":\"https:\\\/\\\/schema.org\",\"@graph\":[{\"@type\":\"WebPage\",\"@id\":\"https:\\\/\\\/ipsip.eu\\\/coro-ipsip-cybersecurity-tpe-pme\\\/\",\"url\":\"https:\\\/\\\/ipsip.eu\\\/coro-ipsip-cybersecurity-tpe-pme\\\/\",\"name\":\"CORO - Ipsip Group - Expert en Cybers\u00e9curit\u00e9, SOC 24\\\/7, solutions IT\",\"isPartOf\":{\"@id\":\"https:\\\/\\\/ipsip.eu\\\/#website\"},\"primaryImageOfPage\":{\"@id\":\"https:\\\/\\\/ipsip.eu\\\/coro-ipsip-cybersecurity-tpe-pme\\\/#primaryimage\"},\"image\":{\"@id\":\"https:\\\/\\\/ipsip.eu\\\/coro-ipsip-cybersecurity-tpe-pme\\\/#primaryimage\"},\"thumbnailUrl\":\"https:\\\/\\\/ipsip.eu\\\/wp-content\\\/uploads\\\/2025\\\/04\\\/close-up-coding-software-tablet-server-room-scaled.webp\",\"datePublished\":\"2025-04-15T14:42:10+00:00\",\"dateModified\":\"2026-01-12T15:32:04+00:00\",\"description\":\"CORO Plateforme SaaS cybers\u00e9curit\u00e9 con\u00e7ue pour les PME - Prise en main facile, solution modulaire et conforme au RGPD - D\u00e9couvrez nos tarifs\",\"inLanguage\":\"en-GB\",\"potentialAction\":[{\"@type\":\"ReadAction\",\"target\":[\"https:\\\/\\\/ipsip.eu\\\/coro-ipsip-cybersecurity-tpe-pme\\\/\"]}]},{\"@type\":\"ImageObject\",\"inLanguage\":\"en-GB\",\"@id\":\"https:\\\/\\\/ipsip.eu\\\/coro-ipsip-cybersecurity-tpe-pme\\\/#primaryimage\",\"url\":\"https:\\\/\\\/ipsip.eu\\\/wp-content\\\/uploads\\\/2025\\\/04\\\/close-up-coding-software-tablet-server-room-scaled.webp\",\"contentUrl\":\"https:\\\/\\\/ipsip.eu\\\/wp-content\\\/uploads\\\/2025\\\/04\\\/close-up-coding-software-tablet-server-room-scaled.webp\"},{\"@type\":\"WebSite\",\"@id\":\"https:\\\/\\\/ipsip.eu\\\/#website\",\"url\":\"https:\\\/\\\/ipsip.eu\\\/\",\"name\":\"Ipsip Group - Expert en Cybers\u00e9curit\u00e9, SOC 24\\\/7, solutions IT\",\"description\":\"Make IT Easy\",\"potentialAction\":[{\"@type\":\"SearchAction\",\"target\":{\"@type\":\"EntryPoint\",\"urlTemplate\":\"https:\\\/\\\/ipsip.eu\\\/?s={search_term_string}\"},\"query-input\":{\"@type\":\"PropertyValueSpecification\",\"valueRequired\":true,\"valueName\":\"search_term_string\"}}],\"inLanguage\":\"en-GB\"}]}<\/script>\n<!-- \/ Yoast SEO plugin. -->","yoast_head_json":{"title":"CORO - Ipsip Group - Expert en Cybers\u00e9curit\u00e9, SOC 24\/7, solutions IT","description":"CORO Plateforme SaaS cybers\u00e9curit\u00e9 con\u00e7ue pour les PME - Prise en main facile, solution modulaire et conforme au RGPD - D\u00e9couvrez nos tarifs","robots":{"index":"index","follow":"follow","max-snippet":"max-snippet:-1","max-image-preview":"max-image-preview:large","max-video-preview":"max-video-preview:-1"},"canonical":"https:\/\/ipsip.eu\/en\/coro-ipsip-cybersecurity-tpe-pme\/","og_locale":"en_GB","og_type":"article","og_title":"CORO - Ipsip Group - Expert en Cybers\u00e9curit\u00e9, SOC 24\/7, solutions IT","og_description":"CORO Plateforme SaaS cybers\u00e9curit\u00e9 con\u00e7ue pour les PME - Prise en main facile, solution modulaire et conforme au RGPD - D\u00e9couvrez nos tarifs","og_url":"https:\/\/ipsip.eu\/en\/coro-ipsip-cybersecurity-tpe-pme\/","og_site_name":"Ipsip Group - Expert en Cybers\u00e9curit\u00e9, SOC 24\/7, solutions IT","article_modified_time":"2026-01-12T15:32:04+00:00","og_image":[{"url":"https:\/\/ipsip.eu\/wp-content\/uploads\/2025\/04\/close-up-coding-software-tablet-server-room-scaled.webp","type":"","width":"","height":""}],"twitter_card":"summary_large_image","twitter_misc":{"Estimated reading time":"1 minute"},"schema":{"@context":"https:\/\/schema.org","@graph":[{"@type":"WebPage","@id":"https:\/\/ipsip.eu\/coro-ipsip-cybersecurity-tpe-pme\/","url":"https:\/\/ipsip.eu\/coro-ipsip-cybersecurity-tpe-pme\/","name":"CORO - Ipsip Group - Expert en Cybers\u00e9curit\u00e9, SOC 24\/7, solutions IT","isPartOf":{"@id":"https:\/\/ipsip.eu\/#website"},"primaryImageOfPage":{"@id":"https:\/\/ipsip.eu\/coro-ipsip-cybersecurity-tpe-pme\/#primaryimage"},"image":{"@id":"https:\/\/ipsip.eu\/coro-ipsip-cybersecurity-tpe-pme\/#primaryimage"},"thumbnailUrl":"https:\/\/ipsip.eu\/wp-content\/uploads\/2025\/04\/close-up-coding-software-tablet-server-room-scaled.webp","datePublished":"2025-04-15T14:42:10+00:00","dateModified":"2026-01-12T15:32:04+00:00","description":"CORO Plateforme SaaS cybers\u00e9curit\u00e9 con\u00e7ue pour les PME - Prise en main facile, solution modulaire et conforme au RGPD - D\u00e9couvrez nos tarifs","inLanguage":"en-GB","potentialAction":[{"@type":"ReadAction","target":["https:\/\/ipsip.eu\/coro-ipsip-cybersecurity-tpe-pme\/"]}]},{"@type":"ImageObject","inLanguage":"en-GB","@id":"https:\/\/ipsip.eu\/coro-ipsip-cybersecurity-tpe-pme\/#primaryimage","url":"https:\/\/ipsip.eu\/wp-content\/uploads\/2025\/04\/close-up-coding-software-tablet-server-room-scaled.webp","contentUrl":"https:\/\/ipsip.eu\/wp-content\/uploads\/2025\/04\/close-up-coding-software-tablet-server-room-scaled.webp"},{"@type":"WebSite","@id":"https:\/\/ipsip.eu\/#website","url":"https:\/\/ipsip.eu\/","name":"Ipsip Group - Expert en Cybers\u00e9curit\u00e9, SOC 24\/7, solutions IT","description":"Make IT Easy","potentialAction":[{"@type":"SearchAction","target":{"@type":"EntryPoint","urlTemplate":"https:\/\/ipsip.eu\/?s={search_term_string}"},"query-input":{"@type":"PropertyValueSpecification","valueRequired":true,"valueName":"search_term_string"}}],"inLanguage":"en-GB"}]}},"_links":{"self":[{"href":"https:\/\/ipsip.eu\/en\/wp-json\/wp\/v2\/pages\/8418","targetHints":{"allow":["GET"]}}],"collection":[{"href":"https:\/\/ipsip.eu\/en\/wp-json\/wp\/v2\/pages"}],"about":[{"href":"https:\/\/ipsip.eu\/en\/wp-json\/wp\/v2\/types\/page"}],"author":[{"embeddable":true,"href":"https:\/\/ipsip.eu\/en\/wp-json\/wp\/v2\/users\/4"}],"replies":[{"embeddable":true,"href":"https:\/\/ipsip.eu\/en\/wp-json\/wp\/v2\/comments?post=8418"}],"version-history":[{"count":79,"href":"https:\/\/ipsip.eu\/en\/wp-json\/wp\/v2\/pages\/8418\/revisions"}],"predecessor-version":[{"id":8929,"href":"https:\/\/ipsip.eu\/en\/wp-json\/wp\/v2\/pages\/8418\/revisions\/8929"}],"wp:attachment":[{"href":"https:\/\/ipsip.eu\/en\/wp-json\/wp\/v2\/media?parent=8418"}],"curies":[{"name":"wp","href":"https:\/\/api.w.org\/{rel}","templated":true}]}}