{"id":2547,"date":"2023-11-03T15:33:00","date_gmt":"2023-11-03T14:33:00","guid":{"rendered":"http:\/\/ipsip.eu\/?page_id=2547"},"modified":"2026-01-12T18:10:27","modified_gmt":"2026-01-12T17:10:27","slug":"blog","status":"publish","type":"page","link":"https:\/\/ipsip.eu\/fr\/blog\/","title":{"rendered":"Blog"},"content":{"rendered":"<h4>blog<\/h4>\n<h1>L&rsquo;information technologique pour un monde de possibilit\u00e9s<\/h1>\n<p>L&rsquo;IT \u00e9tant un domaine en constante \u00e9volution, il est primordial de se tenir inform\u00e9 des derni\u00e8res tendances. Nous vous proposons une s\u00e9lection d&rsquo;articles de blog pour vous aider \u00e0 comprendre les enjeux de l&rsquo;IT, de la cybers\u00e9curit\u00e9, du cloud, du r\u00e9seau et bien plus encore.<\/p>\n<ul>\n<li>Tous les articles<em><\/em><\/li>\n<li>R\u00e9seau<em><\/em><\/li>\n<li>Cybers\u00e9curit\u00e9<em><\/em><\/li>\n<li>Cloud<em><\/em><\/li>\n<li>Borne de r\u00e9ception digitale<em><\/em><\/li>\n<\/ul>\n<section data-settings=\"{&quot;layout&quot;:&quot;fitRows&quot;,&quot;stick_last_element_to_bottom&quot;:&quot;&quot;,&quot;columns_desktop&quot;:3,&quot;gutter_hr&quot;:15,&quot;gutter_hr_mobile&quot;:15,&quot;gutter_hr_mobile_extra&quot;:15,&quot;gutter_hr_tablet&quot;:15,&quot;gutter_hr_tablet_extra&quot;:15,&quot;gutter_hr_laptop&quot;:15,&quot;gutter_hr_widescreen&quot;:15,&quot;gutter_vr&quot;:15,&quot;gutter_vr_mobile&quot;:&quot;&quot;,&quot;gutter_vr_mobile_extra&quot;:&quot;&quot;,&quot;gutter_vr_tablet&quot;:&quot;&quot;,&quot;gutter_vr_tablet_extra&quot;:15,&quot;gutter_vr_laptop&quot;:15,&quot;gutter_vr_widescreen&quot;:15,&quot;animation&quot;:&quot;default&quot;,&quot;animation_duration&quot;:0.3,&quot;animation_delay&quot;:0.1,&quot;deeplinking&quot;:&quot;&quot;,&quot;filters_linkable&quot;:&quot;no&quot;,&quot;filters_default_filter&quot;:&quot;&quot;,&quot;filters_count&quot;:&quot;&quot;,&quot;filters_hide_empty&quot;:&quot;no&quot;,&quot;filters_animation&quot;:&quot;default&quot;,&quot;filters_animation_duration&quot;:0.3,&quot;filters_animation_delay&quot;:0.1,&quot;pagination_type&quot;:&quot;load-more&quot;,&quot;pagination_max_pages&quot;:1,&quot;lightbox&quot;:{&quot;selector&quot;:&quot;.wpr-grid-image-wrap&quot;,&quot;iframeMaxWidth&quot;:&quot;60%&quot;,&quot;hash&quot;:false,&quot;autoplay&quot;:&quot;true&quot;,&quot;pause&quot;:5000,&quot;progressBar&quot;:&quot;true&quot;,&quot;counter&quot;:&quot;true&quot;,&quot;controls&quot;:&quot;true&quot;,&quot;getCaptionFromTitleOrAlt&quot;:&quot;true&quot;,&quot;thumbnail&quot;:&quot;&quot;,&quot;showThumbByDefault&quot;:&quot;&quot;,&quot;share&quot;:&quot;&quot;,&quot;zoom&quot;:&quot;true&quot;,&quot;fullScreen&quot;:&quot;true&quot;,&quot;download&quot;:&quot;true&quot;}}\">\n<article><img decoding=\"async\" data-no-lazy=\"1\" src=\"https:\/\/ipsip.eu\/wp-content\/uploads\/elementor\/thumbs\/Banniere-blog-Sandvine-_1-_1_-qn826lc3ymt2rrexcybzihcci7i75e42p5o0jprge0.webp\" alt=\"Banni\u00e8re blog la politique RSE ekinops\"><\/p>\n<h2><a target=\"_self\"  href=\"https:\/\/ipsip.eu\/rse-appels-offres-it\/\">La RSE : un nouveau crit\u00e8re diff\u00e9renciant pour les appels d&rsquo;offres IT.<\/a><\/h2>\n<p>En quoi d\u00e9finir sa politique RSE peut faire pencher la balance en votre faveur pour remporter un appel d&#039;offre ?<\/p>\n<p><a target=\"_self\" href=\"https:\/\/ipsip.eu\/rse-appels-offres-it\/\">En savoir plus <\/a><\/article>\n<article><img decoding=\"async\" data-no-lazy=\"1\" src=\"https:\/\/ipsip.eu\/wp-content\/uploads\/elementor\/thumbs\/Linkedin-post-1-1-qmukabwk6t7wrbwfvts28lcpbcmzdj1n2hyoslpp6g.jpg\" alt=\"Cloud computing : qu&#039;est ce que c&#039;est ?\"><\/p>\n<h2><a target=\"_self\"  href=\"https:\/\/ipsip.eu\/cloud-computing-quest-ce-que-cest\/\">Cloud computing : qu&rsquo;est ce que c&rsquo;est ?<\/a><\/h2>\n<p>Cloud computing : choisir sa solution cloud.<\/p>\n<p><a target=\"_self\" href=\"https:\/\/ipsip.eu\/cloud-computing-quest-ce-que-cest\/\">En savoir plus <\/a><\/article>\n<article><img decoding=\"async\" data-no-lazy=\"1\" src=\"https:\/\/ipsip.eu\/wp-content\/uploads\/elementor\/thumbs\/glenn-carstens-peters-npxXWgQ33ZQ-unsplash-_1_-qll6wiomhzz0bmta5x53oix1dda7jqxg8jwx4hqv20.webp\" alt=\"Cartographie des risques \"><\/p>\n<h2><a target=\"_self\"  href=\"https:\/\/ipsip.eu\/cartographie-des-donnees-sensibles\/\">Cartographie des donn\u00e9es sensibles et confidentielles<\/a><\/h2>\n<p>Cartographie des donn\u00e9es : comment savoir si vos donn\u00e9es sont r\u00e9ellement \u00e0 l\u2019abri des regards indiscrets ?<\/p>\n<p><a target=\"_self\" href=\"https:\/\/ipsip.eu\/cartographie-des-donnees-sensibles\/\">En savoir plus <\/a><\/article>\n<article><img decoding=\"async\" data-no-lazy=\"1\" src=\"https:\/\/ipsip.eu\/wp-content\/uploads\/elementor\/thumbs\/Banniere-blog-Sandvine-_1-_6_-qlfm5pdjcp0bd25wol97soq65zbwbdz7n573mz0k3c.webp\" alt=\"La solution de chiffrement des donn\u00e9es confidentielles \"><\/p>\n<h2><a target=\"_self\"  href=\"https:\/\/ipsip.eu\/la-solution-de-chiffrement-de-vos-donnees-confidentielles\/\">La solution de chiffrement pour ne laisser personne acc\u00e9der \u00e0 vos donn\u00e9es confidentielles<\/a><\/h2>\n<p>La solution de chiffrement de vos donn\u00e9es confidentielles : d\u00e9couvrez dans cet article la bonne pratique \u00e0 adopter d\u00e8s maintenant\u2026<\/p>\n<p><a target=\"_self\" href=\"https:\/\/ipsip.eu\/la-solution-de-chiffrement-de-vos-donnees-confidentielles\/\">En savoir plus <\/a><\/article>\n<article><img decoding=\"async\" data-no-lazy=\"1\" src=\"https:\/\/ipsip.eu\/wp-content\/uploads\/elementor\/thumbs\/INSYS_icom_Introduction_Picture2_1920x520-qkpj002jrk2oaqn6lnrt5y44gh1wcqsu8ngwlyzyrc.jpg\" alt=\"L\u2019importance des solutions s\u00e9curis\u00e9es pour les infrastructures critiques\"><\/p>\n<h2><a target=\"_self\"  href=\"https:\/\/ipsip.eu\/limportance-des-solutions-securisees-pour-les-infrastructures-critiques\/\">L\u2019importance des solutions s\u00e9curis\u00e9es pour les infrastructures critiques<\/a><\/h2>\n<p>Les infrastructures critiques sont-elles suffisamment prot\u00e9g\u00e9es ? D\u00e9couvrez nos solutions dans cet article.<\/p>\n<p><a target=\"_self\" href=\"https:\/\/ipsip.eu\/limportance-des-solutions-securisees-pour-les-infrastructures-critiques\/\">En savoir plus <\/a><\/article>\n<article><img decoding=\"async\" data-no-lazy=\"1\" src=\"https:\/\/ipsip.eu\/wp-content\/uploads\/elementor\/thumbs\/IPSIP-high_education_enterprise_v1.0.pptx-qkj2snxw7crstx1p9ah3keaqx35rwyt9lrx83hgypk.jpeg\" alt=\"Gestion intelligente du trafic pour les universit\u00e9s\u00a0\"><\/p>\n<h2><a target=\"_self\"  href=\"https:\/\/ipsip.eu\/article-gestion-intelligente-du-trafic\/\">Gestion intelligente du trafic pour les universit\u00e9s\u00a0<\/a><\/h2>\n<p>Vous vous sentez parfois d\u00e9pass\u00e9 par la croissance constante du trafic ? Nous avons une solution de gestion intelligente du\u2026<\/p>\n<p><a target=\"_self\" href=\"https:\/\/ipsip.eu\/article-gestion-intelligente-du-trafic\/\">En savoir plus <\/a><\/article>\n<article><img decoding=\"async\" data-no-lazy=\"1\" src=\"https:\/\/ipsip.eu\/wp-content\/uploads\/elementor\/thumbs\/borne24-7-qkrmuavte7ndyuqakcim9grq9dqzq6wjydtp5gr73s.jpg\" alt=\"Borne r\u00e9ception APV 24\/7\"><\/p>\n<h2><a target=\"_self\"  href=\"https:\/\/ipsip.eu\/borne-reception-apv-24-7\/\">Borne r\u00e9ception APV 24\/7<\/a><\/h2>\n<p>La borne de services 24\/7 est la solution apr\u00e8s-vente destin\u00e9e aux constructeurs et distributeurs automobiles, supervis\u00e9 par IPSIP.<\/p>\n<p><a target=\"_self\" href=\"https:\/\/ipsip.eu\/borne-reception-apv-24-7\/\">En savoir plus <\/a><\/article>\n<article><img decoding=\"async\" data-no-lazy=\"1\" src=\"https:\/\/ipsip.eu\/wp-content\/uploads\/elementor\/thumbs\/pexels-antoni-shkraba-7144207-qftscig6loi4iu0d1v8vwreumgl3kqeyjueeei9ins.jpg\" alt=\"Comment les bornes APV am\u00e9liorent l&rsquo;exp\u00e9rience client en concession ?\"><\/p>\n<h2><a target=\"_self\"  href=\"https:\/\/ipsip.eu\/comment-les-bornes-apv-ameliorent-lexperience-client-en-concession\/\">Comment les bornes APV am\u00e9liorent l&rsquo;exp\u00e9rience client en concession ?<\/a><\/h2>\n<p>D\u00e9couvrez la solution de remise de cl\u00e9 de votre voiture 24\/7<\/p>\n<p><a target=\"_self\" href=\"https:\/\/ipsip.eu\/comment-les-bornes-apv-ameliorent-lexperience-client-en-concession\/\">En savoir plus <\/a><\/article>\n<article><img decoding=\"async\" data-no-lazy=\"1\" src=\"https:\/\/ipsip.eu\/wp-content\/uploads\/elementor\/thumbs\/pexels-pixabay-62654-qfts9icqrqe5foddl2isg0oub5dvzjhtszdk7opsjc.jpg\" alt=\"Soulager les heures de forte affluence en concessions\"><\/p>\n<h2><a target=\"_self\"  href=\"https:\/\/ipsip.eu\/borne-coupe-file-concession-reception-apv\/\">Soulager les heures de forte affluence en concessions<\/a><\/h2>\n<p>D\u00e9couvrez comment soulager les heures de forte affluence en concessions dans cet article de blog &#8211; IPSIP Group &#8211; Borne\u2026<\/p>\n<p><a target=\"_self\" href=\"https:\/\/ipsip.eu\/borne-coupe-file-concession-reception-apv\/\">En savoir plus <\/a><\/article>\n<article><img decoding=\"async\" data-no-lazy=\"1\" src=\"https:\/\/ipsip.eu\/wp-content\/uploads\/elementor\/thumbs\/pexels-pixabay-373543-qfts7hz65hn2lpaibp8im0yckhamiuihv1569dp3ug.jpg\" alt=\"Comment l&rsquo;Intelligence Artificielle vient au secours de la cybers\u00e9curit\u00e9 ?\"><\/p>\n<h2><a target=\"_self\"  href=\"https:\/\/ipsip.eu\/comment-lintelligence-artificielle-vient-au-secours-de-la-cybersecurite\/\">Comment l&rsquo;Intelligence Artificielle vient au secours de la cybers\u00e9curit\u00e9 ?<\/a><\/h2>\n<p>D\u00e9couvrez comment l&#039;Intelligence Artificielle vient au secours de la cybers\u00e9curit\u00e9 dans cet article de blog.<\/p>\n<p><a target=\"_self\" href=\"https:\/\/ipsip.eu\/comment-lintelligence-artificielle-vient-au-secours-de-la-cybersecurite\/\">En savoir plus <\/a><\/article>\n<\/section>\n","protected":false},"excerpt":{"rendered":"<p>blog L&rsquo;information technologique pour un monde de possibilit\u00e9s L&rsquo;IT \u00e9tant un domaine en constante \u00e9volution, il est primordial de se tenir inform\u00e9 des derni\u00e8res tendances. Nous vous proposons une s\u00e9lection d&rsquo;articles de blog pour vous aider \u00e0 comprendre les enjeux de l&rsquo;IT, de la cybers\u00e9curit\u00e9, du cloud, du r\u00e9seau et bien plus encore. Tous les articles R\u00e9seau Cybers\u00e9curit\u00e9 Cloud Borne de r\u00e9ception digitale La RSE : un nouveau crit\u00e8re diff\u00e9renciant pour les appels d&rsquo;offres IT. En quoi d\u00e9finir sa politique RSE peut faire pencher la balance en votre faveur pour remporter un appel d&#039;offre ? En savoir plus Cloud computing : qu&rsquo;est ce que c&rsquo;est ? Cloud computing : choisir sa solution cloud. En savoir plus Cartographie des donn\u00e9es sensibles et confidentielles Cartographie des donn\u00e9es : comment savoir si vos donn\u00e9es sont r\u00e9ellement \u00e0 l\u2019abri des regards indiscrets ? En savoir plus La solution de chiffrement pour ne laisser personne acc\u00e9der \u00e0 vos donn\u00e9es confidentielles La solution de chiffrement de vos donn\u00e9es confidentielles : d\u00e9couvrez dans cet article la bonne pratique \u00e0 adopter d\u00e8s maintenant\u2026 En savoir plus L\u2019importance des solutions s\u00e9curis\u00e9es pour les infrastructures critiques Les infrastructures critiques sont-elles suffisamment prot\u00e9g\u00e9es ? D\u00e9couvrez nos solutions dans cet article. En savoir plus Gestion intelligente du trafic pour les universit\u00e9s\u00a0 Vous vous sentez parfois d\u00e9pass\u00e9 par la croissance constante du trafic ? Nous avons une solution de gestion intelligente du\u2026 En savoir plus Borne r\u00e9ception APV 24\/7 La borne de services 24\/7 est la solution apr\u00e8s-vente destin\u00e9e aux constructeurs et distributeurs automobiles, supervis\u00e9 par IPSIP. En savoir plus Comment les bornes APV am\u00e9liorent l&rsquo;exp\u00e9rience client en concession ? D\u00e9couvrez la solution de remise de cl\u00e9 de votre voiture 24\/7 En savoir plus Soulager les heures de forte affluence en concessions D\u00e9couvrez comment soulager les heures de forte affluence en concessions dans cet article de blog &#8211; IPSIP Group &#8211; Borne\u2026 En savoir plus Comment l&rsquo;Intelligence Artificielle vient au secours de la cybers\u00e9curit\u00e9 ? D\u00e9couvrez comment l&#039;Intelligence Artificielle vient au secours de la cybers\u00e9curit\u00e9 dans cet article de blog. En savoir plus<\/p>\n","protected":false},"author":1,"featured_media":0,"parent":0,"menu_order":0,"comment_status":"closed","ping_status":"closed","template":"elementor_header_footer","meta":{"footnotes":""},"class_list":["post-2547","page","type-page","status-publish","hentry"],"yoast_head":"<!-- This site is optimized with the Yoast SEO plugin v27.3 - https:\/\/yoast.com\/product\/yoast-seo-wordpress\/ -->\n<title>Blog - IPSIP Group<\/title>\n<meta name=\"description\" content=\"D\u00e9couvrez l&#039;expertise du groupe IPSIP \u00e0 travers notre blog. Explorez les articles pour un aper\u00e7u approfondi du monde de l&#039;IT.\" \/>\n<meta name=\"robots\" content=\"index, follow, max-snippet:-1, max-image-preview:large, max-video-preview:-1\" \/>\n<link rel=\"canonical\" href=\"https:\/\/ipsip.eu\/fr\/blog\/\" \/>\n<meta property=\"og:locale\" content=\"fr_FR\" \/>\n<meta property=\"og:type\" content=\"article\" \/>\n<meta property=\"og:title\" content=\"Blog - IPSIP Group\" \/>\n<meta property=\"og:description\" content=\"D\u00e9couvrez l&#039;expertise du groupe IPSIP \u00e0 travers notre blog. Explorez les articles pour un aper\u00e7u approfondi du monde de l&#039;IT.\" \/>\n<meta property=\"og:url\" content=\"https:\/\/ipsip.eu\/fr\/blog\/\" \/>\n<meta property=\"og:site_name\" content=\"Ipsip Group - Expert en Cybers\u00e9curit\u00e9, SOC 24\/7, solutions IT\" \/>\n<meta property=\"article:modified_time\" content=\"2026-01-12T17:10:27+00:00\" \/>\n<meta property=\"og:image\" content=\"https:\/\/ipsip.eu\/wp-content\/uploads\/elementor\/thumbs\/Banniere-blog-Sandvine-_1-_1_-qn826lc3ymt2rrexcybzihcci7i75e42p5o0jprge0.webp\" \/>\n<meta name=\"twitter:card\" content=\"summary_large_image\" \/>\n<meta name=\"twitter:label1\" content=\"Dur\u00e9e de lecture estim\u00e9e\" \/>\n\t<meta name=\"twitter:data1\" content=\"4 minutes\" \/>\n<script type=\"application\/ld+json\" class=\"yoast-schema-graph\">{\"@context\":\"https:\\\/\\\/schema.org\",\"@graph\":[{\"@type\":\"WebPage\",\"@id\":\"https:\\\/\\\/ipsip.eu\\\/blog\\\/\",\"url\":\"https:\\\/\\\/ipsip.eu\\\/blog\\\/\",\"name\":\"Blog - IPSIP Group\",\"isPartOf\":{\"@id\":\"https:\\\/\\\/ipsip.eu\\\/#website\"},\"primaryImageOfPage\":{\"@id\":\"https:\\\/\\\/ipsip.eu\\\/blog\\\/#primaryimage\"},\"image\":{\"@id\":\"https:\\\/\\\/ipsip.eu\\\/blog\\\/#primaryimage\"},\"thumbnailUrl\":\"https:\\\/\\\/ipsip.eu\\\/wp-content\\\/uploads\\\/elementor\\\/thumbs\\\/Banniere-blog-Sandvine-_1-_1_-qn826lc3ymt2rrexcybzihcci7i75e42p5o0jprge0.webp\",\"datePublished\":\"2023-11-03T14:33:00+00:00\",\"dateModified\":\"2026-01-12T17:10:27+00:00\",\"description\":\"D\u00e9couvrez l'expertise du groupe IPSIP \u00e0 travers notre blog. Explorez les articles pour un aper\u00e7u approfondi du monde de l'IT.\",\"inLanguage\":\"fr-FR\",\"potentialAction\":[{\"@type\":\"ReadAction\",\"target\":[\"https:\\\/\\\/ipsip.eu\\\/blog\\\/\"]}]},{\"@type\":\"ImageObject\",\"inLanguage\":\"fr-FR\",\"@id\":\"https:\\\/\\\/ipsip.eu\\\/blog\\\/#primaryimage\",\"url\":\"https:\\\/\\\/ipsip.eu\\\/wp-content\\\/uploads\\\/elementor\\\/thumbs\\\/Banniere-blog-Sandvine-_1-_1_-qn826lc3ymt2rrexcybzihcci7i75e42p5o0jprge0.webp\",\"contentUrl\":\"https:\\\/\\\/ipsip.eu\\\/wp-content\\\/uploads\\\/elementor\\\/thumbs\\\/Banniere-blog-Sandvine-_1-_1_-qn826lc3ymt2rrexcybzihcci7i75e42p5o0jprge0.webp\"},{\"@type\":\"WebSite\",\"@id\":\"https:\\\/\\\/ipsip.eu\\\/#website\",\"url\":\"https:\\\/\\\/ipsip.eu\\\/\",\"name\":\"Ipsip Group - Expert en Cybers\u00e9curit\u00e9, SOC 24\\\/7, solutions IT\",\"description\":\"Make IT Easy\",\"potentialAction\":[{\"@type\":\"SearchAction\",\"target\":{\"@type\":\"EntryPoint\",\"urlTemplate\":\"https:\\\/\\\/ipsip.eu\\\/?s={search_term_string}\"},\"query-input\":{\"@type\":\"PropertyValueSpecification\",\"valueRequired\":true,\"valueName\":\"search_term_string\"}}],\"inLanguage\":\"fr-FR\"}]}<\/script>\n<!-- \/ Yoast SEO plugin. -->","yoast_head_json":{"title":"Blog - IPSIP Group","description":"D\u00e9couvrez l'expertise du groupe IPSIP \u00e0 travers notre blog. Explorez les articles pour un aper\u00e7u approfondi du monde de l'IT.","robots":{"index":"index","follow":"follow","max-snippet":"max-snippet:-1","max-image-preview":"max-image-preview:large","max-video-preview":"max-video-preview:-1"},"canonical":"https:\/\/ipsip.eu\/fr\/blog\/","og_locale":"fr_FR","og_type":"article","og_title":"Blog - IPSIP Group","og_description":"D\u00e9couvrez l'expertise du groupe IPSIP \u00e0 travers notre blog. Explorez les articles pour un aper\u00e7u approfondi du monde de l'IT.","og_url":"https:\/\/ipsip.eu\/fr\/blog\/","og_site_name":"Ipsip Group - Expert en Cybers\u00e9curit\u00e9, SOC 24\/7, solutions IT","article_modified_time":"2026-01-12T17:10:27+00:00","og_image":[{"url":"https:\/\/ipsip.eu\/wp-content\/uploads\/elementor\/thumbs\/Banniere-blog-Sandvine-_1-_1_-qn826lc3ymt2rrexcybzihcci7i75e42p5o0jprge0.webp","type":"","width":"","height":""}],"twitter_card":"summary_large_image","twitter_misc":{"Dur\u00e9e de lecture estim\u00e9e":"4 minutes"},"schema":{"@context":"https:\/\/schema.org","@graph":[{"@type":"WebPage","@id":"https:\/\/ipsip.eu\/blog\/","url":"https:\/\/ipsip.eu\/blog\/","name":"Blog - IPSIP Group","isPartOf":{"@id":"https:\/\/ipsip.eu\/#website"},"primaryImageOfPage":{"@id":"https:\/\/ipsip.eu\/blog\/#primaryimage"},"image":{"@id":"https:\/\/ipsip.eu\/blog\/#primaryimage"},"thumbnailUrl":"https:\/\/ipsip.eu\/wp-content\/uploads\/elementor\/thumbs\/Banniere-blog-Sandvine-_1-_1_-qn826lc3ymt2rrexcybzihcci7i75e42p5o0jprge0.webp","datePublished":"2023-11-03T14:33:00+00:00","dateModified":"2026-01-12T17:10:27+00:00","description":"D\u00e9couvrez l'expertise du groupe IPSIP \u00e0 travers notre blog. Explorez les articles pour un aper\u00e7u approfondi du monde de l'IT.","inLanguage":"fr-FR","potentialAction":[{"@type":"ReadAction","target":["https:\/\/ipsip.eu\/blog\/"]}]},{"@type":"ImageObject","inLanguage":"fr-FR","@id":"https:\/\/ipsip.eu\/blog\/#primaryimage","url":"https:\/\/ipsip.eu\/wp-content\/uploads\/elementor\/thumbs\/Banniere-blog-Sandvine-_1-_1_-qn826lc3ymt2rrexcybzihcci7i75e42p5o0jprge0.webp","contentUrl":"https:\/\/ipsip.eu\/wp-content\/uploads\/elementor\/thumbs\/Banniere-blog-Sandvine-_1-_1_-qn826lc3ymt2rrexcybzihcci7i75e42p5o0jprge0.webp"},{"@type":"WebSite","@id":"https:\/\/ipsip.eu\/#website","url":"https:\/\/ipsip.eu\/","name":"Ipsip Group - Expert en Cybers\u00e9curit\u00e9, SOC 24\/7, solutions IT","description":"Make IT Easy","potentialAction":[{"@type":"SearchAction","target":{"@type":"EntryPoint","urlTemplate":"https:\/\/ipsip.eu\/?s={search_term_string}"},"query-input":{"@type":"PropertyValueSpecification","valueRequired":true,"valueName":"search_term_string"}}],"inLanguage":"fr-FR"}]}},"_links":{"self":[{"href":"https:\/\/ipsip.eu\/fr\/wp-json\/wp\/v2\/pages\/2547","targetHints":{"allow":["GET"]}}],"collection":[{"href":"https:\/\/ipsip.eu\/fr\/wp-json\/wp\/v2\/pages"}],"about":[{"href":"https:\/\/ipsip.eu\/fr\/wp-json\/wp\/v2\/types\/page"}],"author":[{"embeddable":true,"href":"https:\/\/ipsip.eu\/fr\/wp-json\/wp\/v2\/users\/1"}],"replies":[{"embeddable":true,"href":"https:\/\/ipsip.eu\/fr\/wp-json\/wp\/v2\/comments?post=2547"}],"version-history":[{"count":102,"href":"https:\/\/ipsip.eu\/fr\/wp-json\/wp\/v2\/pages\/2547\/revisions"}],"predecessor-version":[{"id":8383,"href":"https:\/\/ipsip.eu\/fr\/wp-json\/wp\/v2\/pages\/2547\/revisions\/8383"}],"wp:attachment":[{"href":"https:\/\/ipsip.eu\/fr\/wp-json\/wp\/v2\/media?parent=2547"}],"curies":[{"name":"wp","href":"https:\/\/api.w.org\/{rel}","templated":true}]}}