{"id":6001,"date":"2023-12-06T14:03:15","date_gmt":"2023-12-06T13:03:15","guid":{"rendered":"https:\/\/ipsip.eu\/?page_id=6001"},"modified":"2024-11-06T16:04:07","modified_gmt":"2024-11-06T15:04:07","slug":"bfore-ai","status":"publish","type":"page","link":"https:\/\/ipsip.eu\/fr\/bfore-ai\/","title":{"rendered":"Formulaire bfore-ai"},"content":{"rendered":"\t\t<div data-elementor-type=\"wp-page\" data-elementor-id=\"6001\" class=\"elementor elementor-6001\">\n\t\t\t\t\t\t<section class=\"elementor-section elementor-top-section elementor-element elementor-element-91559f5 elementor-section-height-min-height elementor-section-boxed elementor-section-height-default elementor-section-items-middle wpr-particle-no wpr-jarallax-no wpr-parallax-no wpr-sticky-section-no\" data-id=\"91559f5\" data-element_type=\"section\" data-settings=\"{&quot;background_background&quot;:&quot;gradient&quot;}\">\n\t\t\t\t\t\t<div class=\"elementor-container elementor-column-gap-default\">\n\t\t\t\t\t<div class=\"elementor-column elementor-col-50 elementor-top-column elementor-element elementor-element-16f6b89\" data-id=\"16f6b89\" data-element_type=\"column\">\n\t\t\t<div class=\"elementor-widget-wrap elementor-element-populated\">\n\t\t\t\t\t\t<div class=\"elementor-element elementor-element-990d953 elementor-widget elementor-widget-heading\" data-id=\"990d953\" data-element_type=\"widget\" data-widget_type=\"heading.default\">\n\t\t\t\t<div class=\"elementor-widget-container\">\n\t\t\t\t\t<h1 class=\"elementor-heading-title elementor-size-default\">Prot\u00e9ger votre nom de domaine gr\u00e2ce \u00e0 l'Intelligence Artificielle<\/h1>\t\t\t\t<\/div>\n\t\t\t\t<\/div>\n\t\t\t\t<div class=\"elementor-element elementor-element-7285cc5 elementor-align-left elementor-mobile-align-center elementor-widget elementor-widget-button\" data-id=\"7285cc5\" data-element_type=\"widget\" data-widget_type=\"button.default\">\n\t\t\t\t<div class=\"elementor-widget-container\">\n\t\t\t\t\t\t\t\t\t<div class=\"elementor-button-wrapper\">\n\t\t\t\t\t<a class=\"elementor-button elementor-button-link elementor-size-xs\" href=\"https:\/\/research.typeform.com\/to\/teQbdR31\" target=\"_blank\">\n\t\t\t\t\t\t<span class=\"elementor-button-content-wrapper\">\n\t\t\t\t\t\t\t\t\t<span class=\"elementor-button-text\">Pr\u00e9dire la prochaine cyberattaque<\/span>\n\t\t\t\t\t<\/span>\n\t\t\t\t\t<\/a>\n\t\t\t\t<\/div>\n\t\t\t\t\t\t\t\t<\/div>\n\t\t\t\t<\/div>\n\t\t\t\t\t<\/div>\n\t\t<\/div>\n\t\t\t\t<div class=\"elementor-column elementor-col-50 elementor-top-column elementor-element elementor-element-f6961a4\" data-id=\"f6961a4\" data-element_type=\"column\">\n\t\t\t<div class=\"elementor-widget-wrap elementor-element-populated\">\n\t\t\t\t\t\t<div class=\"elementor-element elementor-element-3c06c84 elementor-widget elementor-widget-image\" data-id=\"3c06c84\" data-element_type=\"widget\" data-widget_type=\"image.default\">\n\t\t\t\t<div class=\"elementor-widget-container\">\n\t\t\t\t\t\t\t\t\t\t\t\t\t\t\t<img fetchpriority=\"high\" decoding=\"async\" width=\"800\" height=\"534\" src=\"https:\/\/ipsip.eu\/wp-content\/uploads\/2023\/12\/IA-PAGE-1-1024x683.png\" class=\"attachment-large size-large wp-image-6009\" alt=\"\" srcset=\"https:\/\/ipsip.eu\/wp-content\/uploads\/2023\/12\/IA-PAGE-1-1024x683.png 1024w, https:\/\/ipsip.eu\/wp-content\/uploads\/2023\/12\/IA-PAGE-1-300x200.png 300w, https:\/\/ipsip.eu\/wp-content\/uploads\/2023\/12\/IA-PAGE-1-768x512.png 768w, https:\/\/ipsip.eu\/wp-content\/uploads\/2023\/12\/IA-PAGE-1-1536x1024.png 1536w, https:\/\/ipsip.eu\/wp-content\/uploads\/2023\/12\/IA-PAGE-1-2048x1365.png 2048w, https:\/\/ipsip.eu\/wp-content\/uploads\/2023\/12\/IA-PAGE-1-18x12.png 18w\" sizes=\"(max-width: 800px) 100vw, 800px\" \/>\t\t\t\t\t\t\t\t\t\t\t\t\t\t\t<\/div>\n\t\t\t\t<\/div>\n\t\t\t\t\t<\/div>\n\t\t<\/div>\n\t\t\t\t\t<\/div>\n\t\t<\/section>\n\t\t\t\t<section class=\"elementor-section elementor-top-section elementor-element elementor-element-f5c470c elementor-section-boxed elementor-section-height-default elementor-section-height-default wpr-particle-no wpr-jarallax-no wpr-parallax-no wpr-sticky-section-no\" data-id=\"f5c470c\" data-element_type=\"section\">\n\t\t\t\t\t\t<div class=\"elementor-container elementor-column-gap-default\">\n\t\t\t\t\t<div class=\"elementor-column elementor-col-100 elementor-top-column elementor-element elementor-element-33103df\" data-id=\"33103df\" data-element_type=\"column\">\n\t\t\t<div class=\"elementor-widget-wrap elementor-element-populated\">\n\t\t\t\t\t\t<div class=\"elementor-element elementor-element-262883c elementor-widget elementor-widget-heading\" data-id=\"262883c\" data-element_type=\"widget\" data-widget_type=\"heading.default\">\n\t\t\t\t<div class=\"elementor-widget-container\">\n\t\t\t\t\t<h2 class=\"elementor-heading-title elementor-size-default\">Les avantages <\/h2>\t\t\t\t<\/div>\n\t\t\t\t<\/div>\n\t\t\t\t<section class=\"elementor-section elementor-inner-section elementor-element elementor-element-0e171a3 elementor-section-boxed elementor-section-height-default elementor-section-height-default wpr-particle-no wpr-jarallax-no wpr-parallax-no wpr-sticky-section-no elementor-invisible\" data-id=\"0e171a3\" data-element_type=\"section\" data-settings=\"{&quot;animation&quot;:&quot;fadeInUp&quot;}\">\n\t\t\t\t\t\t<div class=\"elementor-container elementor-column-gap-default\">\n\t\t\t\t\t<div class=\"elementor-column elementor-col-33 elementor-inner-column elementor-element elementor-element-84d5575 elementor-invisible\" data-id=\"84d5575\" data-element_type=\"column\" data-settings=\"{&quot;background_background&quot;:&quot;classic&quot;,&quot;animation&quot;:&quot;fadeIn&quot;}\">\n\t\t\t<div class=\"elementor-widget-wrap elementor-element-populated\">\n\t\t\t\t\t\t<div class=\"elementor-element elementor-element-0ecfdd0 elementor-widget__width-inherit elementor-widget elementor-widget-text-editor\" data-id=\"0ecfdd0\" data-element_type=\"widget\" data-widget_type=\"text-editor.default\">\n\t\t\t\t<div class=\"elementor-widget-container\">\n\t\t\t\t\t\t\t\t\t<p style=\"text-align: center;\"><span style=\"color: #051347;\"><b>1,801,762<\/b><\/span><\/p>\t\t\t\t\t\t\t\t<\/div>\n\t\t\t\t<\/div>\n\t\t\t\t<div class=\"elementor-element elementor-element-dc96eca elementor-widget elementor-widget-text-editor\" data-id=\"dc96eca\" data-element_type=\"widget\" data-widget_type=\"text-editor.default\">\n\t\t\t\t<div class=\"elementor-widget-container\">\n\t\t\t\t\t\t\t\t\t<p>Nombre de pr\u00e9dictions en 2022<\/p>\t\t\t\t\t\t\t\t<\/div>\n\t\t\t\t<\/div>\n\t\t\t\t\t<\/div>\n\t\t<\/div>\n\t\t\t\t<div class=\"elementor-column elementor-col-33 elementor-inner-column elementor-element elementor-element-fc5ddc5 elementor-invisible\" data-id=\"fc5ddc5\" data-element_type=\"column\" data-settings=\"{&quot;background_background&quot;:&quot;classic&quot;,&quot;animation&quot;:&quot;fadeIn&quot;}\">\n\t\t\t<div class=\"elementor-widget-wrap elementor-element-populated\">\n\t\t\t\t\t\t<div class=\"elementor-element elementor-element-4a4d96d elementor-widget__width-inherit elementor-widget elementor-widget-text-editor\" data-id=\"4a4d96d\" data-element_type=\"widget\" data-widget_type=\"text-editor.default\">\n\t\t\t\t<div class=\"elementor-widget-container\">\n\t\t\t\t\t\t\t\t\t<p style=\"text-align: center;\"><span style=\"color: #051347;\"><b>89 Jours<\/b><\/span><\/p>\t\t\t\t\t\t\t\t<\/div>\n\t\t\t\t<\/div>\n\t\t\t\t<div class=\"elementor-element elementor-element-2f7a353 elementor-widget elementor-widget-text-editor\" data-id=\"2f7a353\" data-element_type=\"widget\" data-widget_type=\"text-editor.default\">\n\t\t\t\t<div class=\"elementor-widget-container\">\n\t\t\t\t\t\t\t\t\t<div id=\"column-wrap-id-1598620968655\" class=\"sppb-col-md-4\"><div id=\"column-id-1598620968655\" class=\"sppb-column sppb-wow fadeInDown sppb-animated\" data-sppb-wow-duration=\"600ms\" data-sppb-wow-delay=\"600ms\"><div class=\"sppb-column-addons\"><div id=\"sppb-addon-wrapper-1598620968656\" class=\"sppb-addon-wrapper\"><div id=\"sppb-addon-1598620968656\" class=\" sppb-wow fadeInRight clearfix sppb-animated\" data-sppb-wow-duration=\"800ms\"><div class=\"sppb-addon sppb-addon-feature sppb-text-center \"><div class=\"sppb-addon-content\"><div class=\"sppb-addon-text\"><p>En avance sur la concurrence<\/p><\/div><\/div><\/div><\/div><\/div><\/div><\/div><\/div>\t\t\t\t\t\t\t\t<\/div>\n\t\t\t\t<\/div>\n\t\t\t\t\t<\/div>\n\t\t<\/div>\n\t\t\t\t<div class=\"elementor-column elementor-col-33 elementor-inner-column elementor-element elementor-element-1bf758f elementor-invisible\" data-id=\"1bf758f\" data-element_type=\"column\" data-settings=\"{&quot;background_background&quot;:&quot;classic&quot;,&quot;animation&quot;:&quot;fadeIn&quot;}\">\n\t\t\t<div class=\"elementor-widget-wrap elementor-element-populated\">\n\t\t\t\t\t\t<div class=\"elementor-element elementor-element-0b27527 elementor-widget__width-inherit elementor-widget elementor-widget-text-editor\" data-id=\"0b27527\" data-element_type=\"widget\" data-widget_type=\"text-editor.default\">\n\t\t\t\t<div class=\"elementor-widget-container\">\n\t\t\t\t\t\t\t\t\t<p style=\"text-align: center;\"><span style=\"color: #051347;\"><b>71.76%<\/b><\/span><\/p>\t\t\t\t\t\t\t\t<\/div>\n\t\t\t\t<\/div>\n\t\t\t\t<div class=\"elementor-element elementor-element-7d807ed elementor-widget elementor-widget-text-editor\" data-id=\"7d807ed\" data-element_type=\"widget\" data-widget_type=\"text-editor.default\">\n\t\t\t\t<div class=\"elementor-widget-container\">\n\t\t\t\t\t\t\t\t\t<div id=\"column-wrap-id-1598620968655\" class=\"sppb-col-md-4\"><div id=\"column-id-1598620968655\" class=\"sppb-column sppb-wow fadeInDown sppb-animated\" data-sppb-wow-duration=\"600ms\" data-sppb-wow-delay=\"600ms\"><div class=\"sppb-column-addons\"><div id=\"sppb-addon-wrapper-1598620968656\" class=\"sppb-addon-wrapper\"><div id=\"sppb-addon-1598620968656\" class=\" sppb-wow fadeInRight clearfix sppb-animated\" data-sppb-wow-duration=\"800ms\"><div class=\"sppb-addon sppb-addon-feature sppb-text-center \"><div class=\"sppb-addon-content\"><div class=\"sppb-addon-text\"><div id=\"why-chose-us\" class=\"sppb-section\"><div class=\"sppb-container-inner\"><div class=\"sppb-row sppb-no-gutter\"><div id=\"column-wrap-id-1598620968650\" class=\"sppb-col-md-12\"><div id=\"column-id-1598620968650\" class=\"sppb-column\"><div class=\"sppb-column-addons\"><div id=\"why-blocs-row\" class=\"sppb-section\"><div class=\"sppb-container-inner\"><div class=\"sppb-row\"><div id=\"column-wrap-id-1598620968657\" class=\"sppb-col-md-4\"><div id=\"column-id-1598620968657\" class=\"sppb-column sppb-wow fadeInDown sppb-animated\" data-sppb-wow-duration=\"600ms\" data-sppb-wow-delay=\"900ms\"><div class=\"sppb-column-addons\"><div id=\"sppb-addon-wrapper-1598620968658\" class=\"sppb-addon-wrapper\"><div id=\"sppb-addon-1598620968658\" class=\" sppb-wow fadeInRight clearfix sppb-animated\" data-sppb-wow-duration=\"800ms\"><div class=\"sppb-addon sppb-addon-feature sppb-text-center \"><div class=\"sppb-addon-content\"><div class=\"sppb-addon-text\"><p>Indicateurs uniques\u00a0<\/p><\/div><\/div><\/div><\/div><\/div><\/div><\/div><\/div><\/div><\/div><\/div><\/div><\/div><\/div><\/div><\/div><\/div><\/div><\/div><\/div><\/div><\/div><\/div><\/div><\/div>\t\t\t\t\t\t\t\t<\/div>\n\t\t\t\t<\/div>\n\t\t\t\t\t<\/div>\n\t\t<\/div>\n\t\t\t\t\t<\/div>\n\t\t<\/section>\n\t\t\t\t\t<\/div>\n\t\t<\/div>\n\t\t\t\t\t<\/div>\n\t\t<\/section>\n\t\t\t\t<section class=\"elementor-section elementor-top-section elementor-element elementor-element-ae5fdbc elementor-section-boxed elementor-section-height-default elementor-section-height-default wpr-particle-no wpr-jarallax-no wpr-parallax-no wpr-sticky-section-no\" data-id=\"ae5fdbc\" data-element_type=\"section\">\n\t\t\t\t\t\t<div class=\"elementor-container elementor-column-gap-default\">\n\t\t\t\t\t<div class=\"elementor-column elementor-col-50 elementor-top-column elementor-element elementor-element-20a65e4\" data-id=\"20a65e4\" data-element_type=\"column\">\n\t\t\t<div class=\"elementor-widget-wrap elementor-element-populated\">\n\t\t\t\t\t\t<div class=\"elementor-element elementor-element-2d1a23c elementor-widget elementor-widget-heading\" data-id=\"2d1a23c\" data-element_type=\"widget\" data-widget_type=\"heading.default\">\n\t\t\t\t<div class=\"elementor-widget-container\">\n\t\t\t\t\t<h2 class=\"elementor-heading-title elementor-size-default\">Quelques caract\u00e9ristiques<\/h2>\t\t\t\t<\/div>\n\t\t\t\t<\/div>\n\t\t\t\t<div class=\"elementor-element elementor-element-72283c0 wpr-list-style-none elementor-widget elementor-widget-wpr-posts-timeline\" data-id=\"72283c0\" data-element_type=\"widget\" data-settings=\"{&quot;animation_offset&quot;:150,&quot;aos_animation_duration&quot;:600}\" data-widget_type=\"wpr-posts-timeline.default\">\n\t\t\t\t<div class=\"elementor-widget-container\">\n\t\t\t\t\t\n\t\t<div class=\"wpr-wrapper wpr-vertical wpr-one-sided-wrapper\">\n\t\t\t<div class=\"wpr-timeline-centered wpr-line wpr-one-sided-timeline\"><div class=\"wpr-middle-line\"><\/div><div class=\"wpr-timeline-fill\" data-layout=\"one-sided\"><\/div><article class=\"wpr-timeline-entry wpr-right-aligned elementor-repeater-item-336064d\" data-item-id=\"elementor-repeater-item-336064d\"><div class=\"wpr-timeline-entry-inner\"><div class=\"wpr-main-line-icon wpr-icon\"><\/div><div class=\"wpr-story-info-vertical wpr-data-wrap \"  data-aos=\"fade\" data-aos-left=\"\" data-aos-right=\"\" data-animation-offset=\"150\" data-animation-duration=\"600\"><div class=\"wpr-timeline-content-wrapper\"><div class=\"wpr-content-wrapper\"><div class=\"wpr-description\"><p>Essai 100% gratuit pendant 30 jours.<\/p><\/div><\/div><\/div><\/div>\n\t\t\t\t\t\t<\/div>\n\t\t\t\t<\/article><article class=\"wpr-timeline-entry wpr-right-aligned elementor-repeater-item-ea715f5\" data-item-id=\"elementor-repeater-item-ea715f5\"><div class=\"wpr-timeline-entry-inner\"><div class=\"wpr-main-line-icon wpr-icon\"><\/div><div class=\"wpr-story-info-vertical wpr-data-wrap \"  data-aos=\"fade\" data-aos-left=\"\" data-aos-right=\"\" data-animation-offset=\"150\" data-animation-duration=\"600\"><div class=\"wpr-timeline-content-wrapper\"><div class=\"wpr-content-wrapper\"><div class=\"wpr-description\"><p>Identifiez la prochaine attaque visant votre entreprise des mois en avance.\u00a0<\/p><\/div><\/div><\/div><\/div>\n\t\t\t\t\t\t<\/div>\n\t\t\t\t<\/article><article class=\"wpr-timeline-entry wpr-right-aligned elementor-repeater-item-af2734e\" data-item-id=\"elementor-repeater-item-af2734e\"><div class=\"wpr-timeline-entry-inner\"><div class=\"wpr-main-line-icon wpr-icon\"><\/div><div class=\"wpr-story-info-vertical wpr-data-wrap \"  data-aos=\"fade\" data-aos-left=\"\" data-aos-right=\"\" data-animation-offset=\"150\" data-animation-duration=\"600\"><div class=\"wpr-timeline-content-wrapper\"><div class=\"wpr-content-wrapper\"><div class=\"wpr-description\"><p>Une technologie bas\u00e9e sur l'IA et un algorithme hyper puissant.<\/p><\/div><\/div><\/div><\/div>\n\t\t\t\t\t\t<\/div>\n\t\t\t\t<\/article><article class=\"wpr-timeline-entry wpr-right-aligned elementor-repeater-item-b0fc65e\" data-item-id=\"elementor-repeater-item-b0fc65e\"><div class=\"wpr-timeline-entry-inner\"><div class=\"wpr-main-line-icon wpr-icon\"><\/div><div class=\"wpr-story-info-vertical wpr-data-wrap \"  data-aos=\"fade\" data-aos-left=\"\" data-aos-right=\"\" data-animation-offset=\"150\" data-animation-duration=\"600\"><div class=\"wpr-timeline-content-wrapper\"><div class=\"wpr-content-wrapper\"><div class=\"wpr-description\"><p>7 ann\u00e9es de recherche qui ont donn\u00e9e lieu \u00e0 4 brevets d\u00e9pos\u00e9s.\u00a0<\/p><\/div><\/div><\/div><\/div>\n\t\t\t\t\t\t<\/div>\n\t\t\t\t<\/article><\/div>    \n\t\t\t<\/div>\t\t\t\t<\/div>\n\t\t\t\t<\/div>\n\t\t\t\t\t<\/div>\n\t\t<\/div>\n\t\t\t\t<div class=\"elementor-column elementor-col-50 elementor-top-column elementor-element elementor-element-6e18054\" data-id=\"6e18054\" data-element_type=\"column\">\n\t\t\t<div class=\"elementor-widget-wrap elementor-element-populated\">\n\t\t\t\t\t\t<div class=\"elementor-element elementor-element-f2c44d9 premium-lottie-svg elementor-widget elementor-widget-premium-lottie\" data-id=\"f2c44d9\" data-element_type=\"widget\" data-settings=\"{&quot;lottie_file&quot;:{&quot;url&quot;:&quot;https:\\\/\\\/ipsip.eu\\\/wp-content\\\/uploads\\\/2023\\\/12\\\/TOGdMYEO4i.json&quot;,&quot;id&quot;:6008,&quot;size&quot;:&quot;&quot;,&quot;alt&quot;:&quot;&quot;,&quot;source&quot;:&quot;library&quot;}}\" data-widget_type=\"premium-lottie.default\">\n\t\t\t\t<div class=\"elementor-widget-container\">\n\t\t\t\t\t\r\n\t\t<div class=\"premium-lottie-animation\" data-lottie-url=\"https:\/\/ipsip.eu\/wp-content\/uploads\/2023\/12\/TOGdMYEO4i.json\" data-lottie-loop=\"true\" data-lottie-reverse=\"\" data-lottie-hover=\"\" data-lottie-speed=\"1\" data-lottie-render=\"svg\" data-lottie-delay=\"\">\r\n\t\t\t\t\t<\/div>\r\n\r\n\t\t\t\t\t\t<\/div>\n\t\t\t\t<\/div>\n\t\t\t\t\t<\/div>\n\t\t<\/div>\n\t\t\t\t\t<\/div>\n\t\t<\/section>\n\t\t\t\t<section class=\"elementor-section elementor-top-section elementor-element elementor-element-54f275f elementor-section-boxed elementor-section-height-default elementor-section-height-default wpr-particle-no wpr-jarallax-no wpr-parallax-no wpr-sticky-section-no\" data-id=\"54f275f\" data-element_type=\"section\">\n\t\t\t\t\t\t<div class=\"elementor-container elementor-column-gap-default\">\n\t\t\t\t\t<div class=\"elementor-column elementor-col-100 elementor-top-column elementor-element elementor-element-2680269\" data-id=\"2680269\" data-element_type=\"column\">\n\t\t\t<div class=\"elementor-widget-wrap\">\n\t\t\t\t\t\t\t<\/div>\n\t\t<\/div>\n\t\t\t\t\t<\/div>\n\t\t<\/section>\n\t\t\t\t<section class=\"elementor-section elementor-top-section elementor-element elementor-element-6da950b elementor-section-boxed elementor-section-height-default elementor-section-height-default wpr-particle-no wpr-jarallax-no wpr-parallax-no wpr-sticky-section-no\" data-id=\"6da950b\" data-element_type=\"section\" id=\"contact\" data-settings=\"{&quot;background_background&quot;:&quot;classic&quot;}\">\n\t\t\t\t\t\t<div class=\"elementor-container elementor-column-gap-default\">\n\t\t\t\t\t<div class=\"elementor-column elementor-col-100 elementor-top-column elementor-element elementor-element-3df794e\" data-id=\"3df794e\" data-element_type=\"column\">\n\t\t\t<div class=\"elementor-widget-wrap elementor-element-populated\">\n\t\t\t\t\t\t<div class=\"elementor-element elementor-element-b611354 elementor-widget elementor-widget-eael-typeform\" data-id=\"b611354\" data-element_type=\"widget\" data-widget_type=\"eael-typeform.default\">\n\t\t\t\t<div class=\"elementor-widget-container\">\n\t\t\t\t\t<div data-typeform=\"{&quot;url&quot;:&quot;https:\\\/\\\/research.typeform.com\\\/to\\\/teQbdR31&quot;,&quot;hideFooter&quot;:false,&quot;hideHeaders&quot;:false,&quot;opacity&quot;:50}\" id=\"eael-type-form-b611354\" class=\"eael-typeform clearfix fs_wp_sidebar fsBody eael-contact-form eael-typeform-align-default\"><\/div>\t\t\t\t<\/div>\n\t\t\t\t<\/div>\n\t\t\t\t\t<\/div>\n\t\t<\/div>\n\t\t\t\t\t<\/div>\n\t\t<\/section>\n\t\t\t\t<\/div>\n\t\t","protected":false},"excerpt":{"rendered":"<p>Pr\u00e9dire les cyberattaques avec l&rsquo;IA<\/p>\n","protected":false},"author":4,"featured_media":6009,"parent":0,"menu_order":0,"comment_status":"closed","ping_status":"closed","template":"elementor_header_footer","meta":{"footnotes":""},"class_list":["post-6001","page","type-page","status-publish","has-post-thumbnail","hentry"],"yoast_head":"<!-- This site is optimized with the Yoast SEO plugin v27.4 - https:\/\/yoast.com\/product\/yoast-seo-wordpress\/ -->\n<title>Pr\u00e9dire les cyberattaques avec l&#039;IA<\/title>\n<meta name=\"description\" content=\"Pr\u00e9dire les cyberattaques avec l&#039;IA. Notre solution partenaire qui vous permet de prot\u00e9ger votre nom de domaine.\" \/>\n<meta name=\"robots\" content=\"index, follow, max-snippet:-1, max-image-preview:large, max-video-preview:-1\" \/>\n<link rel=\"canonical\" href=\"https:\/\/ipsip.eu\/fr\/bfore-ai\/\" \/>\n<meta property=\"og:locale\" content=\"fr_FR\" \/>\n<meta property=\"og:type\" content=\"article\" \/>\n<meta property=\"og:title\" content=\"Pr\u00e9dire les cyberattaques avec l&#039;IA\" \/>\n<meta property=\"og:description\" content=\"Pr\u00e9dire les cyberattaques avec l&#039;IA. Notre solution partenaire qui vous permet de prot\u00e9ger votre nom de domaine.\" \/>\n<meta property=\"og:url\" content=\"https:\/\/ipsip.eu\/fr\/bfore-ai\/\" \/>\n<meta property=\"og:site_name\" content=\"Ipsip Group - Expert en Cybers\u00e9curit\u00e9, SOC 24\/7, solutions IT\" \/>\n<meta property=\"article:modified_time\" content=\"2024-11-06T15:04:07+00:00\" \/>\n<meta property=\"og:image\" content=\"https:\/\/ipsip.eu\/wp-content\/uploads\/2023\/12\/IA-PAGE-1.png\" \/>\n\t<meta property=\"og:image:width\" content=\"2475\" \/>\n\t<meta property=\"og:image:height\" content=\"1650\" \/>\n\t<meta property=\"og:image:type\" content=\"image\/png\" \/>\n<meta name=\"twitter:card\" content=\"summary_large_image\" \/>\n<meta name=\"twitter:label1\" content=\"Dur\u00e9e de lecture estim\u00e9e\" \/>\n\t<meta name=\"twitter:data1\" content=\"1 minute\" \/>\n<script type=\"application\/ld+json\" class=\"yoast-schema-graph\">{\"@context\":\"https:\\\/\\\/schema.org\",\"@graph\":[{\"@type\":\"WebPage\",\"@id\":\"https:\\\/\\\/ipsip.eu\\\/fr\\\/bfore-ai\\\/\",\"url\":\"https:\\\/\\\/ipsip.eu\\\/fr\\\/bfore-ai\\\/\",\"name\":\"Pr\u00e9dire les cyberattaques avec l'IA\",\"isPartOf\":{\"@id\":\"https:\\\/\\\/ipsip.eu\\\/#website\"},\"primaryImageOfPage\":{\"@id\":\"https:\\\/\\\/ipsip.eu\\\/fr\\\/bfore-ai\\\/#primaryimage\"},\"image\":{\"@id\":\"https:\\\/\\\/ipsip.eu\\\/fr\\\/bfore-ai\\\/#primaryimage\"},\"thumbnailUrl\":\"https:\\\/\\\/ipsip.eu\\\/wp-content\\\/uploads\\\/2023\\\/12\\\/IA-PAGE-1.png\",\"datePublished\":\"2023-12-06T13:03:15+00:00\",\"dateModified\":\"2024-11-06T15:04:07+00:00\",\"description\":\"Pr\u00e9dire les cyberattaques avec l'IA. Notre solution partenaire qui vous permet de prot\u00e9ger votre nom de domaine.\",\"inLanguage\":\"fr-FR\",\"potentialAction\":[{\"@type\":\"ReadAction\",\"target\":[\"https:\\\/\\\/ipsip.eu\\\/fr\\\/bfore-ai\\\/\"]}]},{\"@type\":\"ImageObject\",\"inLanguage\":\"fr-FR\",\"@id\":\"https:\\\/\\\/ipsip.eu\\\/fr\\\/bfore-ai\\\/#primaryimage\",\"url\":\"https:\\\/\\\/ipsip.eu\\\/wp-content\\\/uploads\\\/2023\\\/12\\\/IA-PAGE-1.png\",\"contentUrl\":\"https:\\\/\\\/ipsip.eu\\\/wp-content\\\/uploads\\\/2023\\\/12\\\/IA-PAGE-1.png\",\"width\":2475,\"height\":1650},{\"@type\":\"WebSite\",\"@id\":\"https:\\\/\\\/ipsip.eu\\\/#website\",\"url\":\"https:\\\/\\\/ipsip.eu\\\/\",\"name\":\"Ipsip Group - Expert en Cybers\u00e9curit\u00e9, SOC 24\\\/7, solutions IT\",\"description\":\"Make IT Easy\",\"potentialAction\":[{\"@type\":\"SearchAction\",\"target\":{\"@type\":\"EntryPoint\",\"urlTemplate\":\"https:\\\/\\\/ipsip.eu\\\/?s={search_term_string}\"},\"query-input\":{\"@type\":\"PropertyValueSpecification\",\"valueRequired\":true,\"valueName\":\"search_term_string\"}}],\"inLanguage\":\"fr-FR\"}]}<\/script>\n<!-- \/ Yoast SEO plugin. -->","yoast_head_json":{"title":"Pr\u00e9dire les cyberattaques avec l'IA","description":"Pr\u00e9dire les cyberattaques avec l'IA. Notre solution partenaire qui vous permet de prot\u00e9ger votre nom de domaine.","robots":{"index":"index","follow":"follow","max-snippet":"max-snippet:-1","max-image-preview":"max-image-preview:large","max-video-preview":"max-video-preview:-1"},"canonical":"https:\/\/ipsip.eu\/fr\/bfore-ai\/","og_locale":"fr_FR","og_type":"article","og_title":"Pr\u00e9dire les cyberattaques avec l'IA","og_description":"Pr\u00e9dire les cyberattaques avec l'IA. Notre solution partenaire qui vous permet de prot\u00e9ger votre nom de domaine.","og_url":"https:\/\/ipsip.eu\/fr\/bfore-ai\/","og_site_name":"Ipsip Group - Expert en Cybers\u00e9curit\u00e9, SOC 24\/7, solutions IT","article_modified_time":"2024-11-06T15:04:07+00:00","og_image":[{"width":2475,"height":1650,"url":"https:\/\/ipsip.eu\/wp-content\/uploads\/2023\/12\/IA-PAGE-1.png","type":"image\/png"}],"twitter_card":"summary_large_image","twitter_misc":{"Dur\u00e9e de lecture estim\u00e9e":"1 minute"},"schema":{"@context":"https:\/\/schema.org","@graph":[{"@type":"WebPage","@id":"https:\/\/ipsip.eu\/fr\/bfore-ai\/","url":"https:\/\/ipsip.eu\/fr\/bfore-ai\/","name":"Pr\u00e9dire les cyberattaques avec l'IA","isPartOf":{"@id":"https:\/\/ipsip.eu\/#website"},"primaryImageOfPage":{"@id":"https:\/\/ipsip.eu\/fr\/bfore-ai\/#primaryimage"},"image":{"@id":"https:\/\/ipsip.eu\/fr\/bfore-ai\/#primaryimage"},"thumbnailUrl":"https:\/\/ipsip.eu\/wp-content\/uploads\/2023\/12\/IA-PAGE-1.png","datePublished":"2023-12-06T13:03:15+00:00","dateModified":"2024-11-06T15:04:07+00:00","description":"Pr\u00e9dire les cyberattaques avec l'IA. Notre solution partenaire qui vous permet de prot\u00e9ger votre nom de domaine.","inLanguage":"fr-FR","potentialAction":[{"@type":"ReadAction","target":["https:\/\/ipsip.eu\/fr\/bfore-ai\/"]}]},{"@type":"ImageObject","inLanguage":"fr-FR","@id":"https:\/\/ipsip.eu\/fr\/bfore-ai\/#primaryimage","url":"https:\/\/ipsip.eu\/wp-content\/uploads\/2023\/12\/IA-PAGE-1.png","contentUrl":"https:\/\/ipsip.eu\/wp-content\/uploads\/2023\/12\/IA-PAGE-1.png","width":2475,"height":1650},{"@type":"WebSite","@id":"https:\/\/ipsip.eu\/#website","url":"https:\/\/ipsip.eu\/","name":"Ipsip Group - Expert en Cybers\u00e9curit\u00e9, SOC 24\/7, solutions IT","description":"Make IT Easy","potentialAction":[{"@type":"SearchAction","target":{"@type":"EntryPoint","urlTemplate":"https:\/\/ipsip.eu\/?s={search_term_string}"},"query-input":{"@type":"PropertyValueSpecification","valueRequired":true,"valueName":"search_term_string"}}],"inLanguage":"fr-FR"}]}},"_links":{"self":[{"href":"https:\/\/ipsip.eu\/fr\/wp-json\/wp\/v2\/pages\/6001","targetHints":{"allow":["GET"]}}],"collection":[{"href":"https:\/\/ipsip.eu\/fr\/wp-json\/wp\/v2\/pages"}],"about":[{"href":"https:\/\/ipsip.eu\/fr\/wp-json\/wp\/v2\/types\/page"}],"author":[{"embeddable":true,"href":"https:\/\/ipsip.eu\/fr\/wp-json\/wp\/v2\/users\/4"}],"replies":[{"embeddable":true,"href":"https:\/\/ipsip.eu\/fr\/wp-json\/wp\/v2\/comments?post=6001"}],"version-history":[{"count":16,"href":"https:\/\/ipsip.eu\/fr\/wp-json\/wp\/v2\/pages\/6001\/revisions"}],"predecessor-version":[{"id":7981,"href":"https:\/\/ipsip.eu\/fr\/wp-json\/wp\/v2\/pages\/6001\/revisions\/7981"}],"wp:featuredmedia":[{"embeddable":true,"href":"https:\/\/ipsip.eu\/fr\/wp-json\/wp\/v2\/media\/6009"}],"wp:attachment":[{"href":"https:\/\/ipsip.eu\/fr\/wp-json\/wp\/v2\/media?parent=6001"}],"curies":[{"name":"wp","href":"https:\/\/api.w.org\/{rel}","templated":true}]}}